{"id":211,"date":"2023-11-17T15:11:08","date_gmt":"2023-11-17T12:11:08","guid":{"rendered":"https:\/\/dolunayaydinlatma.com\/?page_id=211"},"modified":"2024-04-23T00:34:38","modified_gmt":"2024-04-22T21:34:38","slug":"hakkimizda","status":"publish","type":"page","link":"https:\/\/dolunayaydinlatma.com\/index.php\/hakkimizda\/","title":{"rendered":"HAKKIMIZDA"},"content":{"rendered":"\t\t<div data-elementor-type=\"wp-page\" data-elementor-id=\"211\" class=\"elementor elementor-211\">\n\t\t\t\t<div class=\"elementor-element elementor-element-04fb7db e-con-full e-flex e-con e-parent\" data-id=\"04fb7db\" data-element_type=\"container\" data-settings=\"{&quot;background_background&quot;:&quot;classic&quot;}\">\n\t\t\t\t<div class=\"elementor-element elementor-element-e07073e elementor-widget elementor-widget-heading\" data-id=\"e07073e\" data-element_type=\"widget\" data-widget_type=\"heading.default\">\n\t\t\t\t<div class=\"elementor-widget-container\">\n\t\t\t<style>\/*! elementor - v3.21.0 - 18-04-2024 *\/\n.elementor-heading-title{padding:0;margin:0;line-height:1}.elementor-widget-heading .elementor-heading-title[class*=elementor-size-]>a{color:inherit;font-size:inherit;line-height:inherit}.elementor-widget-heading .elementor-heading-title.elementor-size-small{font-size:15px}.elementor-widget-heading .elementor-heading-title.elementor-size-medium{font-size:19px}.elementor-widget-heading .elementor-heading-title.elementor-size-large{font-size:29px}.elementor-widget-heading .elementor-heading-title.elementor-size-xl{font-size:39px}.elementor-widget-heading .elementor-heading-title.elementor-size-xxl{font-size:59px}<\/style><h2 class=\"elementor-heading-title elementor-size-small\">HAKKIMIZDA<\/h2>\t\t<\/div>\n\t\t\t\t<\/div>\n\t\t\t\t<\/div>\n\t\t<div class=\"elementor-element elementor-element-a535994 e-flex e-con-boxed e-con e-parent\" data-id=\"a535994\" data-element_type=\"container\">\n\t\t\t\t\t<div class=\"e-con-inner\">\n\t\t\t\t<div class=\"elementor-element elementor-element-5c229e5 elementor-widget elementor-widget-ekit-nav-menu\" data-id=\"5c229e5\" data-element_type=\"widget\" data-widget_type=\"ekit-nav-menu.default\">\n\t\t\t\t<div class=\"elementor-widget-container\">\n\t\t\t<div class=\"ekit-wid-con ekit_menu_responsive_tablet\" data-hamburger-icon=\"\" data-hamburger-icon-type=\"icon\" data-responsive-breakpoint=\"1024\">            <button class=\"elementskit-menu-hamburger elementskit-menu-toggler\"  type=\"button\" aria-label=\"hamburger-icon\">\n                                    <span class=\"elementskit-menu-hamburger-icon\"><\/span><span class=\"elementskit-menu-hamburger-icon\"><\/span><span class=\"elementskit-menu-hamburger-icon\"><\/span>\n                            <\/button>\n            <div id=\"ekit-megamenu-ana-menu\" class=\"elementskit-menu-container elementskit-menu-offcanvas-elements elementskit-navbar-nav-default ekit-nav-menu-one-page-no ekit-nav-dropdown-hover\"><ul id=\"menu-ana-menu\" class=\"elementskit-navbar-nav elementskit-menu-po-left submenu-click-on-icon\"><li id=\"menu-item-477\" class=\"menu-item menu-item-type-custom menu-item-object-custom menu-item-home menu-item-477 nav-item elementskit-mobile-builder-content\" data-vertical-menu=750px><a href=\"https:\/\/dolunayaydinlatma.com\/\" class=\"ekit-menu-nav-link\">ANASAYFA<\/a><\/li>\n<li id=\"menu-item-402\" class=\"menu-item menu-item-type-custom menu-item-object-custom menu-item-402 nav-item elementskit-mobile-builder-content\" data-vertical-menu=750px><a href=\"https:\/\/dolunayaydinlatma.com\/index.php\/hakkimizda\/\" class=\"ekit-menu-nav-link\">HAKKIMIZDA<\/a><\/li>\n<li id=\"menu-item-401\" class=\"menu-item menu-item-type-custom menu-item-object-custom menu-item-401 nav-item elementskit-mobile-builder-content\" data-vertical-menu=750px><a href=\"https:\/\/dolunayaydinlatma.com\/index.php\/urunler\/\" class=\"ekit-menu-nav-link\">\u00dcR\u00dcNLER<\/a><\/li>\n<li id=\"menu-item-8\" class=\"menu-item menu-item-type-custom menu-item-object-custom menu-item-8 nav-item elementskit-mobile-builder-content\" data-vertical-menu=750px><a href=\"https:\/\/dolunayaydinlatma.com\/index.php\/referanslar\" class=\"ekit-menu-nav-link\">REFERANSLAR<\/a><\/li>\n<li id=\"menu-item-77\" class=\"menu-item menu-item-type-custom menu-item-object-custom menu-item-77 nav-item elementskit-mobile-builder-content\" data-vertical-menu=750px><a href=\"https:\/\/dolunayaydinlatma.com\/index.php\/e-katalog\" class=\"ekit-menu-nav-link\">E-KATALOG<\/a><\/li>\n<li id=\"menu-item-500\" class=\"menu-item menu-item-type-custom menu-item-object-custom menu-item-500 nav-item elementskit-mobile-builder-content\" data-vertical-menu=750px><a href=\"https:\/\/dolunayaydinlatma.com\/index.php\/belgeler\" class=\"ekit-menu-nav-link\">BELGELER<\/a><\/li>\n<li id=\"menu-item-506\" class=\"menu-item menu-item-type-custom menu-item-object-custom menu-item-506 nav-item elementskit-mobile-builder-content\" data-vertical-menu=750px><a href=\"https:\/\/dolunayaydinlatma.com\/index.php\/iletisim\" class=\"ekit-menu-nav-link\">\u0130LET\u0130\u015e\u0130M<\/a><\/li>\n<\/ul><div class=\"elementskit-nav-identity-panel\">\n\t\t\t\t<div class=\"elementskit-site-title\">\n\t\t\t\t\t<a class=\"elementskit-nav-logo\" href=\"https:\/\/dolunayaydinlatma.com\" target=\"_self\" rel=\"\">\n\t\t\t\t\t\t<img decoding=\"async\" src=\"\" title=\"\" alt=\"\" \/>\n\t\t\t\t\t<\/a> \n\t\t\t\t<\/div><button class=\"elementskit-menu-close elementskit-menu-toggler\" type=\"button\">X<\/button><\/div><\/div>\t\t\t\n\t\t\t<div class=\"elementskit-menu-overlay elementskit-menu-offcanvas-elements elementskit-menu-toggler ekit-nav-menu--overlay\"><\/div><\/div>\t\t<\/div>\n\t\t\t\t<\/div>\n\t\t\t\t\t<\/div>\n\t\t\t\t<\/div>\n\t\t<div class=\"elementor-element elementor-element-b7aaa67 e-con-full e-flex e-con e-parent\" data-id=\"b7aaa67\" data-element_type=\"container\" data-settings=\"{&quot;background_background&quot;:&quot;classic&quot;}\">\n\t\t\t\t<div class=\"elementor-element elementor-element-a4da739 elementor-widget__width-initial elementor-widget elementor-widget-text-editor\" data-id=\"a4da739\" data-element_type=\"widget\" data-widget_type=\"text-editor.default\">\n\t\t\t\t<div class=\"elementor-widget-container\">\n\t\t\t<style>\/*! elementor - v3.21.0 - 18-04-2024 *\/\n.elementor-widget-text-editor.elementor-drop-cap-view-stacked .elementor-drop-cap{background-color:#69727d;color:#fff}.elementor-widget-text-editor.elementor-drop-cap-view-framed .elementor-drop-cap{color:#69727d;border:3px solid;background-color:transparent}.elementor-widget-text-editor:not(.elementor-drop-cap-view-default) .elementor-drop-cap{margin-top:8px}.elementor-widget-text-editor:not(.elementor-drop-cap-view-default) .elementor-drop-cap-letter{width:1em;height:1em}.elementor-widget-text-editor .elementor-drop-cap{float:left;text-align:center;line-height:1;font-size:50px}.elementor-widget-text-editor .elementor-drop-cap-letter{display:inline-block}<\/style>\t\t\t\t<p style=\"text-align: left;\"><span style=\"color: #ffffff;\">Her ge\u00e7en g\u00fcn geli\u015fen teknoloji ile birlikte LED ayd\u0131nlatma, avantajlar\u0131 ve \u00e7evreye olan olumlu etkileri sayesinde h\u0131zla hayat\u0131m\u0131zdaki yerini alm\u0131\u015ft\u0131r.<\/span><\/p><p style=\"text-align: left;\"><span style=\"color: #ffffff;\">LED, mekan\u0131n ve \u00fcr\u00fcn\u00fcn \u00f6zelliklerine ba\u011fl\u0131 olarak % 40 ile %85 aras\u0131nda verimlilik sa\u011flamakta ayr\u0131ca \u00e7evreye olan katk\u0131lar\u0131n\u0131n yan\u0131 s\u0131ra bak\u0131m maliyetlerinde d\u00fc\u015f\u00fc\u015f sa\u011flamaktad\u0131r.<\/span><\/p><p style=\"text-align: left;\"><span style=\"color: #ffffff;\">Dolunay Ayd\u0131nlatma, kuruldu\u011fu g\u00fcnden bu yana y\u00fcksek d\u00fczeyde \u0131\u015f\u0131\u011fa ihtiya\u00e7 duyan mekanlar i\u00e7in LED ayd\u0131nlatma armat\u00fcrleri tasarlamaktad\u0131r. Dolunay Ayd\u0131nlatma LED teknolojisi avantajlar\u0131ndan tam olarak yararlanmak, l\u00fcmen\/watt verimlili\u011fini en \u00fcst d\u00fczeyde tutabilmek i\u00e7in ayd\u0131nlatma \u00fcr\u00fcnlerinin ar-ge \u00e7al\u0131\u015fmalar\u0131n\u0131 y\u00fcr\u00fcterek,\u00a0<\/span><span style=\"color: #ffffff;\">LED\u00a0<\/span><span style=\"color: #ffffff;\">teknolojisinin kullan\u0131m alanlar\u0131n\u0131 artt\u0131rmaya \u00e7al\u0131\u015fmaktad\u0131r.<\/span><\/p><p style=\"text-align: left;\"><span style=\"color: #ffffff;\">LED&#8217;ler \u0131\u015f\u0131k \u00fcretimi s\u0131ras\u0131nda ortaya \u0131s\u0131 yayarlar, ancak d\u0131\u015far\u0131ya \u0131s\u0131 vermezler. LED armat\u00fcr\u00fcn \u0131\u015f\u0131k \u00fcretimi s\u0131ras\u0131nda olu\u015fan \u0131s\u0131, lamban\u0131n i\u00e7inde bulunan so\u011futucu sayesinde emilir. E\u011fer do\u011fru bir so\u011futucu armat\u00fcr tasar\u0131m\u0131 yap\u0131lmaz ise \u0131\u015f\u0131k veriminin d\u00fc\u015fmesine neden olur ve 50,000 saatlik \u00f6mr\u00fc k\u0131sal\u0131r.<\/span><\/p><p style=\"text-align: left;\"><span style=\"color: #ffffff;\">LED&#8217;in<\/span><span style=\"color: #ffffff;\">\u00a0<\/span><span style=\"color: #ffffff;\">yap\u0131sal \u00f6zelliklerinden kaynaklanan y\u00fcksek wattlarda kullan\u0131m k\u0131s\u0131tlar\u0131n\u0131 a\u015fmaya y\u00f6nelik \u00fcr\u00fcnler tasarlayan Dolunay Ayd\u0131nlatma y\u00fcksek g\u00fc\u00e7lerde, l\u00fcmen\/watt verimini maksimumda tutarak klasik ayd\u0131nlatmaya alternatif olmaya devam etmektedir.<\/span><\/p><p style=\"text-align: left;\"><span style=\"color: #ffffff;\">Dolunay Ayd\u0131nlatma fabrikalardan al\u0131\u015fveri\u015f merkezlerine, ma\u011fazalardan otoparklara, \u00e7evre ayd\u0131nlatmalar\u0131na kadar geni\u015f bir yelpazede kullan\u0131m imkan\u0131na sahip LED teknolojisinin, kullan\u0131m alanlar\u0131n\u0131 art\u0131rmaya y\u00f6nelik \u00e7al\u0131\u015fmalar\u0131n\u0131 s\u00fcrd\u00fcrmektedir.<\/span><\/p><p style=\"text-align: left;\"><span style=\"color: #ffffff;\">LED<\/span><span style=\"color: #ffffff;\">\u00a0<\/span><span style=\"color: #ffffff;\">lambalar\u0131n\u0131n y\u00fcksek wattlarda olmas\u0131 daha \u00e7ok \u0131\u015f\u0131k verece\u011fi anlam\u0131na gelmez. E\u011fer\u00a0<\/span><span style=\"color: #ffffff;\">LED&#8217;in\u00a0<\/span><span style=\"color: #ffffff;\">yap\u0131s\u0131 dikkate al\u0131narak olu\u015fan s\u0131cakl\u0131\u011f\u0131 d\u00fc\u015f\u00fcrmeye y\u00f6nelik \u00e7al\u0131\u015fmalar yap\u0131lmaz ise verimlilik ve armat\u00fcr\u00fcn \u00f6mr\u00fcnde istenilen de\u011ferlere ula\u015f\u0131lamaz.<\/span><\/p><p style=\"text-align: left;\"><span style=\"color: #ffffff;\">LED lamba se\u00e7imi yap\u0131l\u0131rken enerji t\u00fcketim de\u011feri olan watt de\u011ferine de\u011fil, \u0131\u015f\u0131k ak\u0131s\u0131 de\u011feri olan l\u00fcmen de\u011ferine bak\u0131lmal\u0131d\u0131r. Se\u00e7ilen lamban\u0131n l\u00fcmen de\u011feri ne kadar y\u00fcksekse, LED lamba daha fazla \u0131\u015f\u0131k verir. Burada dikkate al\u0131nacak l\u00fcmen de\u011feri\u00a0<\/span><span style=\"color: #ffffff;\">LED\u00a0<\/span><span style=\"color: #ffffff;\">\u00e7iplerinin l\u00fcmen de\u011ferleri de\u011fil, armat\u00fcr tasarland\u0131ktan sonra kendi \u00e7al\u0131\u015fma ko\u015fullar\u0131nda \u00f6l\u00e7\u00fclen l\u00fcmen de\u011ferleri olmal\u0131d\u0131r.<\/span><\/p><p style=\"text-align: left;\"><span style=\"color: #ffffff;\">LED \u00e7iplerinin tek ba\u015flar\u0131na sa\u011flad\u0131klar\u0131 l\u00fcmen verimi armat\u00fcr tasarland\u0131ktan sonra d\u00fc\u015fer. Burada \u00f6nemli olan s\u00fcrekli \u00e7al\u0131\u015fmayla\u00a0<\/span><span style=\"color: #ffffff;\">LED&#8217;lerin\u00a0<\/span><span style=\"color: #ffffff;\">olu\u015fturdu\u011fu \u0131s\u0131y\u0131 minimuma indirerek uzun s\u00fcreler maksimum verimle \u00e7al\u0131\u015fabilecek\u00a0<\/span><span style=\"color: #ffffff;\">LED\u00a0<\/span><span style=\"color: #ffffff;\">armat\u00fcr tasarlamakt\u0131r.<\/span><\/p><h3 style=\"text-align: left;\"><span style=\"color: #ffffff;\">LED\u2019in Avantajlar\u0131<\/span><\/h3><ul><li style=\"text-align: left;\"><span style=\"color: #ffffff;\">Y\u00fcksek d\u00fczeyde tasarrufu sa\u011flar<\/span><\/li><li style=\"text-align: left;\"><span style=\"color: #ffffff;\">50,000 saatin \u00fczerinde \u00e7al\u0131\u015fma \u00f6mr\u00fc vard\u0131r<\/span><\/li><li style=\"text-align: left;\"><span style=\"color: #ffffff;\">D\u00fc\u015f\u00fck \u0131s\u0131 yayar<\/span><\/li><li style=\"text-align: left;\"><span style=\"color: #ffffff;\">I\u015f\u0131k kalitesi y\u00fcksektir<\/span><\/li><li style=\"text-align: left;\"><span style=\"color: #ffffff;\">G\u00fcvenlidir<\/span><\/li><li style=\"text-align: left;\"><span style=\"color: #ffffff;\">Ba\u015flama h\u0131z\u0131 y\u00fcksektir<\/span><\/li><li style=\"text-align: left;\"><span style=\"color: #ffffff;\">Zehirli bile\u015fimler i\u00e7ermez<\/span><\/li><li style=\"text-align: left;\"><span style=\"color: #ffffff;\">\u2018So\u011fuma S\u00fcresi\u2019 yoktur<\/span><\/li><\/ul>\t\t\t\t\t\t<\/div>\n\t\t\t\t<\/div>\n\t\t\t\t<\/div>\n\t\t<div class=\"elementor-element elementor-element-b6ea980 e-flex e-con-boxed e-con e-parent\" data-id=\"b6ea980\" data-element_type=\"container\">\n\t\t\t\t\t<div class=\"e-con-inner\">\n\t\t\t\t<div class=\"elementor-element elementor-element-47098ec elementor-widget elementor-widget-copyright\" data-id=\"47098ec\" data-element_type=\"widget\" data-settings=\"{&quot;align&quot;:&quot;center&quot;}\" data-widget_type=\"copyright.default\">\n\t\t\t\t<div class=\"elementor-widget-container\">\n\t\t\t\t\t<div class=\"hfe-copyright-wrapper\">\n\t\t\t\t\t\t\t<span>Copyright \u00a9 2026 Dolunay Ayd\u0131nlatma | Powered by Dolunay Ayd\u0131nlatma<\/span>\n\t\t\t\t\t<\/div>\n\t\t\t\t<\/div>\n\t\t\t\t<\/div>\n\t\t\t\t\t<\/div>\n\t\t\t\t<\/div>\n\t\t\t\t<\/div>\n\t\t","protected":false},"excerpt":{"rendered":"<p>HAKKIMIZDA ANASAYFA HAKKIMIZDA \u00dcR\u00dcNLER REFERANSLAR E-KATALOG BELGELER \u0130LET\u0130\u015e\u0130M X Her ge\u00e7en g\u00fcn geli\u015fen teknoloji ile birlikte LED ayd\u0131nlatma, avantajlar\u0131 ve \u00e7evreye olan olumlu etkileri sayesinde h\u0131zla hayat\u0131m\u0131zdaki yerini alm\u0131\u015ft\u0131r. LED, mekan\u0131n ve \u00fcr\u00fcn\u00fcn \u00f6zelliklerine ba\u011fl\u0131 olarak % 40 ile %85 aras\u0131nda verimlilik sa\u011flamakta ayr\u0131ca \u00e7evreye olan katk\u0131lar\u0131n\u0131n yan\u0131 s\u0131ra bak\u0131m maliyetlerinde d\u00fc\u015f\u00fc\u015f sa\u011flamaktad\u0131r. Dolunay Ayd\u0131nlatma, [&hellip;]<\/p>\n","protected":false},"author":1,"featured_media":0,"parent":0,"menu_order":0,"comment_status":"open","ping_status":"closed","template":"elementor_canvas","meta":{"footnotes":""},"_links":{"self":[{"href":"https:\/\/dolunayaydinlatma.com\/index.php\/wp-json\/wp\/v2\/pages\/211"}],"collection":[{"href":"https:\/\/dolunayaydinlatma.com\/index.php\/wp-json\/wp\/v2\/pages"}],"about":[{"href":"https:\/\/dolunayaydinlatma.com\/index.php\/wp-json\/wp\/v2\/types\/page"}],"author":[{"embeddable":true,"href":"https:\/\/dolunayaydinlatma.com\/index.php\/wp-json\/wp\/v2\/users\/1"}],"replies":[{"embeddable":true,"href":"https:\/\/dolunayaydinlatma.com\/index.php\/wp-json\/wp\/v2\/comments?post=211"}],"version-history":[{"count":32,"href":"https:\/\/dolunayaydinlatma.com\/index.php\/wp-json\/wp\/v2\/pages\/211\/revisions"}],"predecessor-version":[{"id":586,"href":"https:\/\/dolunayaydinlatma.com\/index.php\/wp-json\/wp\/v2\/pages\/211\/revisions\/586"}],"wp:attachment":[{"href":"https:\/\/dolunayaydinlatma.com\/index.php\/wp-json\/wp\/v2\/media?parent=211"}],"curies":[{"name":"wp","href":"https:\/\/api.w.org\/{rel}","templated":true}]}}