{"id":220,"date":"2023-11-17T15:53:22","date_gmt":"2023-11-17T12:53:22","guid":{"rendered":"https:\/\/dolunayaydinlatma.com\/?page_id=220"},"modified":"2024-06-14T15:10:43","modified_gmt":"2024-06-14T12:10:43","slug":"e-katalog","status":"publish","type":"page","link":"https:\/\/dolunayaydinlatma.com\/index.php\/e-katalog\/","title":{"rendered":"E-KATALOG"},"content":{"rendered":"\t\t<div data-elementor-type=\"wp-page\" data-elementor-id=\"220\" class=\"elementor elementor-220\">\n\t\t\t\t<div class=\"elementor-element elementor-element-7ada98f e-flex e-con-boxed e-con e-parent\" data-id=\"7ada98f\" data-element_type=\"container\" data-settings=\"{&quot;background_background&quot;:&quot;classic&quot;}\">\n\t\t\t\t\t<div class=\"e-con-inner\">\n\t\t\t\t<div class=\"elementor-element elementor-element-f51827b elementor-widget elementor-widget-heading\" data-id=\"f51827b\" data-element_type=\"widget\" data-widget_type=\"heading.default\">\n\t\t\t\t<div class=\"elementor-widget-container\">\n\t\t\t<style>\/*! elementor - v3.21.0 - 18-04-2024 *\/\n.elementor-heading-title{padding:0;margin:0;line-height:1}.elementor-widget-heading .elementor-heading-title[class*=elementor-size-]>a{color:inherit;font-size:inherit;line-height:inherit}.elementor-widget-heading .elementor-heading-title.elementor-size-small{font-size:15px}.elementor-widget-heading .elementor-heading-title.elementor-size-medium{font-size:19px}.elementor-widget-heading .elementor-heading-title.elementor-size-large{font-size:29px}.elementor-widget-heading .elementor-heading-title.elementor-size-xl{font-size:39px}.elementor-widget-heading .elementor-heading-title.elementor-size-xxl{font-size:59px}<\/style><h2 class=\"elementor-heading-title elementor-size-default\">E-KATALOG<\/h2>\t\t<\/div>\n\t\t\t\t<\/div>\n\t\t\t\t\t<\/div>\n\t\t\t\t<\/div>\n\t\t<div class=\"elementor-element elementor-element-cec8cf7 e-flex e-con-boxed e-con e-parent\" data-id=\"cec8cf7\" data-element_type=\"container\">\n\t\t\t\t\t<div class=\"e-con-inner\">\n\t\t\t\t<div class=\"elementor-element elementor-element-e63d8a7 elementor-widget elementor-widget-ekit-nav-menu\" data-id=\"e63d8a7\" data-element_type=\"widget\" data-widget_type=\"ekit-nav-menu.default\">\n\t\t\t\t<div class=\"elementor-widget-container\">\n\t\t\t<div class=\"ekit-wid-con ekit_menu_responsive_tablet\" data-hamburger-icon=\"\" data-hamburger-icon-type=\"icon\" data-responsive-breakpoint=\"1024\">            <button class=\"elementskit-menu-hamburger elementskit-menu-toggler\"  type=\"button\" aria-label=\"hamburger-icon\">\n                                    <span class=\"elementskit-menu-hamburger-icon\"><\/span><span class=\"elementskit-menu-hamburger-icon\"><\/span><span class=\"elementskit-menu-hamburger-icon\"><\/span>\n                            <\/button>\n            <div id=\"ekit-megamenu-ana-menu\" class=\"elementskit-menu-container elementskit-menu-offcanvas-elements elementskit-navbar-nav-default ekit-nav-menu-one-page-no ekit-nav-dropdown-hover\"><ul id=\"menu-ana-menu\" class=\"elementskit-navbar-nav elementskit-menu-po-left submenu-click-on-icon\"><li id=\"menu-item-477\" class=\"menu-item menu-item-type-custom menu-item-object-custom menu-item-home menu-item-477 nav-item elementskit-mobile-builder-content\" data-vertical-menu=750px><a href=\"https:\/\/dolunayaydinlatma.com\/\" class=\"ekit-menu-nav-link\">ANASAYFA<\/a><\/li>\n<li id=\"menu-item-402\" class=\"menu-item menu-item-type-custom menu-item-object-custom menu-item-402 nav-item elementskit-mobile-builder-content\" data-vertical-menu=750px><a href=\"https:\/\/dolunayaydinlatma.com\/index.php\/hakkimizda\/\" class=\"ekit-menu-nav-link\">HAKKIMIZDA<\/a><\/li>\n<li id=\"menu-item-401\" class=\"menu-item menu-item-type-custom menu-item-object-custom menu-item-401 nav-item elementskit-mobile-builder-content\" data-vertical-menu=750px><a href=\"https:\/\/dolunayaydinlatma.com\/index.php\/urunler\/\" class=\"ekit-menu-nav-link\">\u00dcR\u00dcNLER<\/a><\/li>\n<li id=\"menu-item-8\" class=\"menu-item menu-item-type-custom menu-item-object-custom menu-item-8 nav-item elementskit-mobile-builder-content\" data-vertical-menu=750px><a href=\"https:\/\/dolunayaydinlatma.com\/index.php\/referanslar\" class=\"ekit-menu-nav-link\">REFERANSLAR<\/a><\/li>\n<li id=\"menu-item-77\" class=\"menu-item menu-item-type-custom menu-item-object-custom menu-item-77 nav-item elementskit-mobile-builder-content\" data-vertical-menu=750px><a href=\"https:\/\/dolunayaydinlatma.com\/index.php\/e-katalog\" class=\"ekit-menu-nav-link\">E-KATALOG<\/a><\/li>\n<li id=\"menu-item-500\" class=\"menu-item menu-item-type-custom menu-item-object-custom menu-item-500 nav-item elementskit-mobile-builder-content\" data-vertical-menu=750px><a href=\"https:\/\/dolunayaydinlatma.com\/index.php\/belgeler\" class=\"ekit-menu-nav-link\">BELGELER<\/a><\/li>\n<li id=\"menu-item-506\" class=\"menu-item menu-item-type-custom menu-item-object-custom menu-item-506 nav-item elementskit-mobile-builder-content\" data-vertical-menu=750px><a href=\"https:\/\/dolunayaydinlatma.com\/index.php\/iletisim\" class=\"ekit-menu-nav-link\">\u0130LET\u0130\u015e\u0130M<\/a><\/li>\n<\/ul><div class=\"elementskit-nav-identity-panel\">\n\t\t\t\t<div class=\"elementskit-site-title\">\n\t\t\t\t\t<a class=\"elementskit-nav-logo\" href=\"https:\/\/dolunayaydinlatma.com\" target=\"_self\" rel=\"\">\n\t\t\t\t\t\t<img decoding=\"async\" src=\"\" title=\"\" alt=\"\" \/>\n\t\t\t\t\t<\/a> \n\t\t\t\t<\/div><button class=\"elementskit-menu-close elementskit-menu-toggler\" type=\"button\">X<\/button><\/div><\/div>\t\t\t\n\t\t\t<div class=\"elementskit-menu-overlay elementskit-menu-offcanvas-elements elementskit-menu-toggler ekit-nav-menu--overlay\"><\/div><\/div>\t\t<\/div>\n\t\t\t\t<\/div>\n\t\t\t\t\t<\/div>\n\t\t\t\t<\/div>\n\t\t<div class=\"elementor-element elementor-element-4fe751d e-flex e-con-boxed e-con e-parent\" data-id=\"4fe751d\" data-element_type=\"container\">\n\t\t\t\t\t<div class=\"e-con-inner\">\n\t\t\t\t<div class=\"elementor-element elementor-element-ff70a8c elementor-widget__width-initial elementor-widget elementor-widget-embedpress_pdf\" data-id=\"ff70a8c\" data-element_type=\"widget\" data-widget_type=\"embedpress_pdf.default\">\n\t\t\t\t<div class=\"elementor-widget-container\">\n\t\t\t    <div class=\"embedpress-document-embed ep-doc-650574fb59fd1f80d1a0bf786157c924 ose-document emebedpress-unit-percent \" data-thememode=\"default\" data-customcolor=\"\" data-toolbar=\"yes\" data-toolbar-position=\"top\" data-open=\"no\" data-presentation-mode=\"yes\" data-download=\"yes\" data-copy=\"yes\" data-rotate=\"yes\" data-details=\"yes\" data-id=\"embedpress-pdf-ff70a8c\" style=\" max-width:100%; display: inline-block\">\n        \n        \n                <div >\n                \n                    <div id=\"ep-elementor-content-ff70a8c\" class=\"ep-elementor-content   ep-percentage-width   ep-content-protection-disabled\">\n                        <div id=\"ff70a8c\" class=\"ep-embed-content-wraper\">\n                            <div><iframe title=\"DOLUNAY AYDINLATMA KATALOG\" class=\"embedpress-embed-document-pdf embedpress-pdf-ff70a8c\" style=\"width: 100%!important;height: 1000px;; max-width:100%; display: inline-block\" src=\"https:\/\/dolunayaydinlatma.com\/wp-admin\/admin-ajax.php?action=get_viewer&#038;file=https%3A%2F%2Fdolunayaydinlatma.com%2Fwp-content%2Fuploads%2F2024%2F06%2FDOLUNAY-AYDINLATMA-KATALOG-1.pdf#key=dGhlbWVNb2RlPWRlZmF1bHQmdG9vbGJhcj10cnVlJnBvc2l0aW9uPXRvcCZwcmVzZW50YXRpb249dHJ1ZSZkb3dubG9hZD10cnVlJmNvcHlfdGV4dD10cnVlJmFkZF90ZXh0PXRydWUmZHJhdz10cnVlJnBkZl9yb3RhdGlvbj10cnVlJnBkZl9kZXRhaWxzPXRydWU=&#038;zoom=auto\" class=\"embedpress-embed-document-pdf embedpress-pdf-ff70a8c\" data-emid=\"embedpress-pdf-ff70a8c\" https:\/\/dolunayaydinlatma.com\/wp-content\/uploads\/2024\/06\/DOLUNAY-AYDINLATMA-KATALOG-1.pdf=\"\" frameborder=\"0\"><\/iframe><\/div>                        <\/div>\n                    <\/div>\n                                    <\/div>\n            \n    <\/div>\n\n\t\t<\/div>\n\t\t\t\t<\/div>\n\t\t\t\t\t<\/div>\n\t\t\t\t<\/div>\n\t\t<div class=\"elementor-element elementor-element-f854512 e-con-full e-flex e-con e-parent\" data-id=\"f854512\" data-element_type=\"container\">\n\t\t\t\t<div class=\"elementor-element elementor-element-17c80bb elementor-widget elementor-widget-copyright\" data-id=\"17c80bb\" data-element_type=\"widget\" data-settings=\"{&quot;align&quot;:&quot;center&quot;}\" data-widget_type=\"copyright.default\">\n\t\t\t\t<div class=\"elementor-widget-container\">\n\t\t\t\t\t<div class=\"hfe-copyright-wrapper\">\n\t\t\t\t\t\t\t<span>Copyright \u00a9 2026 Dolunay Ayd\u0131nlatma | Powered by Dolunay Ayd\u0131nlatma<\/span>\n\t\t\t\t\t<\/div>\n\t\t\t\t<\/div>\n\t\t\t\t<\/div>\n\t\t\t\t<\/div>\n\t\t\t\t<\/div>\n\t\t","protected":false},"excerpt":{"rendered":"<p>E-KATALOG ANASAYFA HAKKIMIZDA \u00dcR\u00dcNLER REFERANSLAR E-KATALOG BELGELER \u0130LET\u0130\u015e\u0130M X Copyright \u00a9 | Powered by<\/p>\n","protected":false},"author":1,"featured_media":0,"parent":0,"menu_order":0,"comment_status":"closed","ping_status":"closed","template":"elementor_canvas","meta":{"footnotes":""},"_links":{"self":[{"href":"https:\/\/dolunayaydinlatma.com\/index.php\/wp-json\/wp\/v2\/pages\/220"}],"collection":[{"href":"https:\/\/dolunayaydinlatma.com\/index.php\/wp-json\/wp\/v2\/pages"}],"about":[{"href":"https:\/\/dolunayaydinlatma.com\/index.php\/wp-json\/wp\/v2\/types\/page"}],"author":[{"embeddable":true,"href":"https:\/\/dolunayaydinlatma.com\/index.php\/wp-json\/wp\/v2\/users\/1"}],"replies":[{"embeddable":true,"href":"https:\/\/dolunayaydinlatma.com\/index.php\/wp-json\/wp\/v2\/comments?post=220"}],"version-history":[{"count":58,"href":"https:\/\/dolunayaydinlatma.com\/index.php\/wp-json\/wp\/v2\/pages\/220\/revisions"}],"predecessor-version":[{"id":781,"href":"https:\/\/dolunayaydinlatma.com\/index.php\/wp-json\/wp\/v2\/pages\/220\/revisions\/781"}],"wp:attachment":[{"href":"https:\/\/dolunayaydinlatma.com\/index.php\/wp-json\/wp\/v2\/media?parent=220"}],"curies":[{"name":"wp","href":"https:\/\/api.w.org\/{rel}","templated":true}]}}