{"id":369,"date":"2024-04-21T15:43:21","date_gmt":"2024-04-21T12:43:21","guid":{"rendered":"https:\/\/dolunayaydinlatma.com\/?page_id=369"},"modified":"2024-04-22T01:14:38","modified_gmt":"2024-04-21T22:14:38","slug":"urunler","status":"publish","type":"page","link":"https:\/\/dolunayaydinlatma.com\/index.php\/urunler\/","title":{"rendered":"\u00dcR\u00dcNLER"},"content":{"rendered":"\t\t<div data-elementor-type=\"wp-page\" data-elementor-id=\"369\" class=\"elementor elementor-369\">\n\t\t\t\t<div class=\"elementor-element elementor-element-f160708 e-flex e-con-boxed e-con e-parent\" data-id=\"f160708\" data-element_type=\"container\" data-settings=\"{&quot;background_background&quot;:&quot;classic&quot;}\">\n\t\t\t\t\t<div class=\"e-con-inner\">\n\t\t\t\t<div class=\"elementor-element elementor-element-ba7bf7b elementor-widget elementor-widget-heading\" data-id=\"ba7bf7b\" data-element_type=\"widget\" data-widget_type=\"heading.default\">\n\t\t\t\t<div class=\"elementor-widget-container\">\n\t\t\t<style>\/*! elementor - v3.21.0 - 18-04-2024 *\/\n.elementor-heading-title{padding:0;margin:0;line-height:1}.elementor-widget-heading .elementor-heading-title[class*=elementor-size-]>a{color:inherit;font-size:inherit;line-height:inherit}.elementor-widget-heading .elementor-heading-title.elementor-size-small{font-size:15px}.elementor-widget-heading .elementor-heading-title.elementor-size-medium{font-size:19px}.elementor-widget-heading .elementor-heading-title.elementor-size-large{font-size:29px}.elementor-widget-heading .elementor-heading-title.elementor-size-xl{font-size:39px}.elementor-widget-heading .elementor-heading-title.elementor-size-xxl{font-size:59px}<\/style><h2 class=\"elementor-heading-title elementor-size-small\">\u00dcR\u00dcNLER\u0130M\u0130Z<\/h2>\t\t<\/div>\n\t\t\t\t<\/div>\n\t\t\t\t\t<\/div>\n\t\t\t\t<\/div>\n\t\t<div class=\"elementor-element elementor-element-7cec27d e-flex e-con-boxed e-con e-parent\" data-id=\"7cec27d\" data-element_type=\"container\">\n\t\t\t\t\t<div class=\"e-con-inner\">\n\t\t\t\t<div class=\"elementor-element elementor-element-26af9f6 elementor-widget elementor-widget-ekit-nav-menu\" data-id=\"26af9f6\" data-element_type=\"widget\" data-widget_type=\"ekit-nav-menu.default\">\n\t\t\t\t<div class=\"elementor-widget-container\">\n\t\t\t<div class=\"ekit-wid-con ekit_menu_responsive_tablet\" data-hamburger-icon=\"\" data-hamburger-icon-type=\"icon\" data-responsive-breakpoint=\"1024\">            <button class=\"elementskit-menu-hamburger elementskit-menu-toggler\"  type=\"button\" aria-label=\"hamburger-icon\">\n                                    <span class=\"elementskit-menu-hamburger-icon\"><\/span><span class=\"elementskit-menu-hamburger-icon\"><\/span><span class=\"elementskit-menu-hamburger-icon\"><\/span>\n                            <\/button>\n            <div id=\"ekit-megamenu-ana-menu\" class=\"elementskit-menu-container elementskit-menu-offcanvas-elements elementskit-navbar-nav-default ekit-nav-menu-one-page-no ekit-nav-dropdown-hover\"><ul id=\"menu-ana-menu\" class=\"elementskit-navbar-nav elementskit-menu-po-left submenu-click-on-icon\"><li id=\"menu-item-477\" class=\"menu-item menu-item-type-custom menu-item-object-custom menu-item-home menu-item-477 nav-item elementskit-mobile-builder-content\" data-vertical-menu=750px><a href=\"https:\/\/dolunayaydinlatma.com\/\" class=\"ekit-menu-nav-link\">ANASAYFA<\/a><\/li>\n<li id=\"menu-item-402\" class=\"menu-item menu-item-type-custom menu-item-object-custom menu-item-402 nav-item elementskit-mobile-builder-content\" data-vertical-menu=750px><a href=\"https:\/\/dolunayaydinlatma.com\/index.php\/hakkimizda\/\" class=\"ekit-menu-nav-link\">HAKKIMIZDA<\/a><\/li>\n<li id=\"menu-item-401\" class=\"menu-item menu-item-type-custom menu-item-object-custom menu-item-401 nav-item elementskit-mobile-builder-content\" data-vertical-menu=750px><a href=\"https:\/\/dolunayaydinlatma.com\/index.php\/urunler\/\" class=\"ekit-menu-nav-link\">\u00dcR\u00dcNLER<\/a><\/li>\n<li id=\"menu-item-8\" class=\"menu-item menu-item-type-custom menu-item-object-custom menu-item-8 nav-item elementskit-mobile-builder-content\" data-vertical-menu=750px><a href=\"https:\/\/dolunayaydinlatma.com\/index.php\/referanslar\" class=\"ekit-menu-nav-link\">REFERANSLAR<\/a><\/li>\n<li id=\"menu-item-77\" class=\"menu-item menu-item-type-custom menu-item-object-custom menu-item-77 nav-item elementskit-mobile-builder-content\" data-vertical-menu=750px><a href=\"https:\/\/dolunayaydinlatma.com\/index.php\/e-katalog\" class=\"ekit-menu-nav-link\">E-KATALOG<\/a><\/li>\n<li id=\"menu-item-500\" class=\"menu-item menu-item-type-custom menu-item-object-custom menu-item-500 nav-item elementskit-mobile-builder-content\" data-vertical-menu=750px><a href=\"https:\/\/dolunayaydinlatma.com\/index.php\/belgeler\" class=\"ekit-menu-nav-link\">BELGELER<\/a><\/li>\n<li id=\"menu-item-506\" class=\"menu-item menu-item-type-custom menu-item-object-custom menu-item-506 nav-item elementskit-mobile-builder-content\" data-vertical-menu=750px><a href=\"https:\/\/dolunayaydinlatma.com\/index.php\/iletisim\" class=\"ekit-menu-nav-link\">\u0130LET\u0130\u015e\u0130M<\/a><\/li>\n<\/ul><div class=\"elementskit-nav-identity-panel\">\n\t\t\t\t<div class=\"elementskit-site-title\">\n\t\t\t\t\t<a class=\"elementskit-nav-logo\" href=\"https:\/\/dolunayaydinlatma.com\" target=\"_self\" rel=\"\">\n\t\t\t\t\t\t<img decoding=\"async\" src=\"\" title=\"\" alt=\"\" \/>\n\t\t\t\t\t<\/a> \n\t\t\t\t<\/div><button class=\"elementskit-menu-close elementskit-menu-toggler\" type=\"button\">X<\/button><\/div><\/div>\t\t\t\n\t\t\t<div class=\"elementskit-menu-overlay elementskit-menu-offcanvas-elements elementskit-menu-toggler ekit-nav-menu--overlay\"><\/div><\/div>\t\t<\/div>\n\t\t\t\t<\/div>\n\t\t\t\t<div class=\"elementor-element elementor-element-d89084b elementor-widget elementor-widget-eael-woo-product-list\" data-id=\"d89084b\" data-element_type=\"widget\" data-widget_type=\"eael-woo-product-list.default\">\n\t\t\t\t<div class=\"elementor-widget-container\">\n\t\t\t\n        <div class=\"eael-product-list-wrapper preset-1\">\n            <div class=\"eael-product-list-body woocommerce\">\n                <div class=\"eael-product-list-container\">\n                    <div class=\"eael-post-appender\">\n                        <div class=\"product post-623 type-product status-publish has-post-thumbnail product_cat-bant-tipi-tavan-armaturleri first instock featured shipping-taxable product-type-simple\">\n    <div class=\"eael-product-list-item \">\n                \n        <div class=\"eael-product-list-image-wrap\">\n                                                    \n            \n                <img fetchpriority=\"high\" decoding=\"async\" width=\"300\" height=\"200\" src=\"https:\/\/dolunayaydinlatma.com\/wp-content\/uploads\/2024\/04\/hgngjmk-300x200.png\" class=\"attachment-medium size-medium\" alt=\"\" loading=\"eager\" \/>            \n            \n                        <ul class=\"eael-product-list-buttons-on-hover\">\n                \n                                <li class=\"eael-product-list-quick-view-button eael-m-0\">\n                    <a id=\"eael_quick_view_69fead86a0d22\" data-quickview-setting=\"{&quot;widget_id&quot;:&quot;d89084b&quot;,&quot;product_id&quot;:623,&quot;page_id&quot;:369}\" class=\"open-popup-link\"><i class=\"fas fa-eye\"><\/i><\/a>\n                <\/li>\n                \n                            <\/ul>\n                    <\/div>\n\n        <div class=\"eael-product-list-content-wrap\">\n            \n            <div class=\"eael-product-list-content-header \" >\n                                \n                <div class=\"eael-product-list-notice eael-product-list-notice-shiping-free\">\n                     \n                    <p>\n                        <i class=\"fas fa-box\"><\/i>\n                        Bant Tipi Tavan Armat\u00fcrleri                    <\/p>\n                                    <\/div>\n            <\/div>\n            <div class=\"eael-product-list-content-body\">\n                            <h2 class=\"eael-product-list-title\">\n                                <a href=\"https:\/\/dolunayaydinlatma.com\/index.php\/urun\/dlf-260\/\" class=\"woocommerce-LoopProduct-link woocommerce-loop-product__link\" target=\"_blank\">\n                    DLF 240                <\/a>\n                            <\/h2>\n        \n                                <div class=\"eael-product-list-excerpt\">\n                    260 Watt Tavan Armat\u00fcr\u00fc                <\/div>\n                \n                            <\/div>\n            <div class=\"eael-product-list-content-footer\">\n                \n                                <div class=\"eael-product-list-buttons\">\n                    \n                                        <p class=\"eael-product-list-quick-view-button eael-m-0\">\n                        <a id=\"eael_quick_view_69fead86a0d91\" data-quickview-setting=\"{&quot;widget_id&quot;:&quot;d89084b&quot;,&quot;product_id&quot;:623,&quot;page_id&quot;:369}\" class=\"open-popup-link\">\n                            View Product                        <\/a>\n                    <\/p>\n                                    <\/div>\n                            <\/div>\n        <\/div>\n    <\/div>\n<\/div><div class=\"product post-380 type-product status-publish has-post-thumbnail product_cat-led-projektorler  instock featured shipping-taxable product-type-simple\">\n    <div class=\"eael-product-list-item \">\n                \n        <div class=\"eael-product-list-image-wrap\">\n                                                    \n            \n                <img decoding=\"async\" width=\"300\" height=\"200\" src=\"https:\/\/dolunayaydinlatma.com\/wp-content\/uploads\/2024\/04\/DSCF8983-300x200.png\" class=\"attachment-medium size-medium\" alt=\"\" loading=\"eager\" \/>            \n            \n                        <ul class=\"eael-product-list-buttons-on-hover\">\n                \n                                <li class=\"eael-product-list-quick-view-button eael-m-0\">\n                    <a id=\"eael_quick_view_69fead86a136d\" data-quickview-setting=\"{&quot;widget_id&quot;:&quot;d89084b&quot;,&quot;product_id&quot;:380,&quot;page_id&quot;:369}\" class=\"open-popup-link\"><i class=\"fas fa-eye\"><\/i><\/a>\n                <\/li>\n                \n                            <\/ul>\n                    <\/div>\n\n        <div class=\"eael-product-list-content-wrap\">\n            \n            <div class=\"eael-product-list-content-header \" >\n                                \n                <div class=\"eael-product-list-notice eael-product-list-notice-shiping-free\">\n                     \n                    <p>\n                        <i class=\"fas fa-box\"><\/i>\n                        Led Projekt\u00f6rler                    <\/p>\n                                    <\/div>\n            <\/div>\n            <div class=\"eael-product-list-content-body\">\n                            <h2 class=\"eael-product-list-title\">\n                                <a href=\"https:\/\/dolunayaydinlatma.com\/index.php\/urun\/dlp-240\/\" class=\"woocommerce-LoopProduct-link woocommerce-loop-product__link\" target=\"_blank\">\n                    DLP 240                <\/a>\n                            <\/h2>\n        \n                                <div class=\"eael-product-list-excerpt\">\n                                    <\/div>\n                \n                            <\/div>\n            <div class=\"eael-product-list-content-footer\">\n                \n                                <div class=\"eael-product-list-buttons\">\n                    \n                                        <p class=\"eael-product-list-quick-view-button eael-m-0\">\n                        <a id=\"eael_quick_view_69fead86a147a\" data-quickview-setting=\"{&quot;widget_id&quot;:&quot;d89084b&quot;,&quot;product_id&quot;:380,&quot;page_id&quot;:369}\" class=\"open-popup-link\">\n                            View Product                        <\/a>\n                    <\/p>\n                                    <\/div>\n                            <\/div>\n        <\/div>\n    <\/div>\n<\/div><div class=\"product post-416 type-product status-publish has-post-thumbnail product_cat-led-projektorler  instock featured shipping-taxable product-type-simple\">\n    <div class=\"eael-product-list-item \">\n                \n        <div class=\"eael-product-list-image-wrap\">\n                                                    \n            \n                <img decoding=\"async\" width=\"300\" height=\"200\" src=\"https:\/\/dolunayaydinlatma.com\/wp-content\/uploads\/2024\/04\/DSCF8998-1-300x200.png\" class=\"attachment-medium size-medium\" alt=\"\" loading=\"eager\" \/>            \n            \n                        <ul class=\"eael-product-list-buttons-on-hover\">\n                \n                                <li class=\"eael-product-list-quick-view-button eael-m-0\">\n                    <a id=\"eael_quick_view_69fead86a195d\" data-quickview-setting=\"{&quot;widget_id&quot;:&quot;d89084b&quot;,&quot;product_id&quot;:416,&quot;page_id&quot;:369}\" class=\"open-popup-link\"><i class=\"fas fa-eye\"><\/i><\/a>\n                <\/li>\n                \n                            <\/ul>\n                    <\/div>\n\n        <div class=\"eael-product-list-content-wrap\">\n            \n            <div class=\"eael-product-list-content-header \" >\n                                \n                <div class=\"eael-product-list-notice eael-product-list-notice-shiping-free\">\n                     \n                    <p>\n                        <i class=\"fas fa-box\"><\/i>\n                        Led Projekt\u00f6rler                    <\/p>\n                                    <\/div>\n            <\/div>\n            <div class=\"eael-product-list-content-body\">\n                            <h2 class=\"eael-product-list-title\">\n                                <a href=\"https:\/\/dolunayaydinlatma.com\/index.php\/urun\/dlp-360\/\" class=\"woocommerce-LoopProduct-link woocommerce-loop-product__link\" target=\"_blank\">\n                    DLP 360                <\/a>\n                            <\/h2>\n        \n                                <div class=\"eael-product-list-excerpt\">\n                                    <\/div>\n                \n                            <\/div>\n            <div class=\"eael-product-list-content-footer\">\n                \n                                <div class=\"eael-product-list-buttons\">\n                    \n                                        <p class=\"eael-product-list-quick-view-button eael-m-0\">\n                        <a id=\"eael_quick_view_69fead86a19fe\" data-quickview-setting=\"{&quot;widget_id&quot;:&quot;d89084b&quot;,&quot;product_id&quot;:416,&quot;page_id&quot;:369}\" class=\"open-popup-link\">\n                            View Product                        <\/a>\n                    <\/p>\n                                    <\/div>\n                            <\/div>\n        <\/div>\n    <\/div>\n<\/div><div class=\"product post-441 type-product status-publish has-post-thumbnail product_cat-moduler-led-projektorler last instock featured shipping-taxable product-type-simple\">\n    <div class=\"eael-product-list-item \">\n                \n        <div class=\"eael-product-list-image-wrap\">\n                                                    \n            \n                <img decoding=\"async\" width=\"300\" height=\"211\" src=\"https:\/\/dolunayaydinlatma.com\/wp-content\/uploads\/2024\/04\/DSCF8971-e1713731230130-300x211.png\" class=\"attachment-medium size-medium\" alt=\"\" loading=\"eager\" \/>            \n            \n                        <ul class=\"eael-product-list-buttons-on-hover\">\n                \n                                <li class=\"eael-product-list-quick-view-button eael-m-0\">\n                    <a id=\"eael_quick_view_69fead86a1f57\" data-quickview-setting=\"{&quot;widget_id&quot;:&quot;d89084b&quot;,&quot;product_id&quot;:441,&quot;page_id&quot;:369}\" class=\"open-popup-link\"><i class=\"fas fa-eye\"><\/i><\/a>\n                <\/li>\n                \n                            <\/ul>\n                    <\/div>\n\n        <div class=\"eael-product-list-content-wrap\">\n            \n            <div class=\"eael-product-list-content-header \" >\n                                \n                <div class=\"eael-product-list-notice eael-product-list-notice-shiping-free\">\n                     \n                    <p>\n                        <i class=\"fas fa-box\"><\/i>\n                        Mod\u00fcler Led Projekt\u00f6rler                    <\/p>\n                                    <\/div>\n            <\/div>\n            <div class=\"eael-product-list-content-body\">\n                            <h2 class=\"eael-product-list-title\">\n                                <a href=\"https:\/\/dolunayaydinlatma.com\/index.php\/urun\/dlp-m-100\/\" class=\"woocommerce-LoopProduct-link woocommerce-loop-product__link\" target=\"_blank\">\n                    DLP M 100                <\/a>\n                            <\/h2>\n        \n                                <div class=\"eael-product-list-excerpt\">\n                                    <\/div>\n                \n                            <\/div>\n            <div class=\"eael-product-list-content-footer\">\n                \n                                <div class=\"eael-product-list-buttons\">\n                    \n                                        <p class=\"eael-product-list-quick-view-button eael-m-0\">\n                        <a id=\"eael_quick_view_69fead86a1ff9\" data-quickview-setting=\"{&quot;widget_id&quot;:&quot;d89084b&quot;,&quot;product_id&quot;:441,&quot;page_id&quot;:369}\" class=\"open-popup-link\">\n                            View Product                        <\/a>\n                    <\/p>\n                                    <\/div>\n                            <\/div>\n        <\/div>\n    <\/div>\n<\/div>                    <\/div>\n\n                                <div class=\"eael-load-more-button-wrap\">\n                <button class=\"eael-load-more-button\" id=\"eael-load-more-btn-d89084b\" data-widget-id=\"d89084b\" data-widget=\"d89084b\" data-page-id=\"369\" data-template=\"{&quot;dir&quot;:&quot;lite&quot;,&quot;file_name&quot;:&quot;preset-1.php&quot;,&quot;name&quot;:&quot;Woo-Product-List&quot;}\" data-class=\"Essential_Addons_Elementor\\Elements\\Woo_Product_List\" data-layout=\"preset-1\" data-page=\"1\" data-args=\"post_type=product&amp;order=desc&amp;post_status%5B0%5D=publish&amp;post_status%5B1%5D=pending&amp;post_status%5B2%5D=future&amp;posts_per_page=4&amp;offset=0&amp;tax_query%5Brelation%5D=AND&amp;tax_query%5B0%5D%5Btaxonomy%5D=product_visibility&amp;tax_query%5B0%5D%5Bfield%5D=name&amp;tax_query%5B0%5D%5Bterms%5D%5B0%5D=exclude-from-search&amp;tax_query%5B0%5D%5Bterms%5D%5B1%5D=exclude-from-catalog&amp;tax_query%5B0%5D%5Boperator%5D=NOT+IN&amp;orderby=menu_order&amp;meta_query%5Brelation%5D=AND&amp;total_post=15\" data-max-page=\"4\">\n                    <span class=\"eael-btn-loader button__loader\"><\/span>\n                    <span class=\"eael_load_more_text\">Load More<\/span>\n                <\/button>\n            <\/div>\n            \n                <\/div>\n            <\/div>\n        <\/div>\n\n\t\t\t\t<\/div>\n\t\t\t\t<\/div>\n\t\t\t\t\t<\/div>\n\t\t\t\t<\/div>\n\t\t<div class=\"elementor-element elementor-element-8e33055 e-flex e-con-boxed e-con e-parent\" data-id=\"8e33055\" data-element_type=\"container\">\n\t\t\t\t\t<div class=\"e-con-inner\">\n\t\t\t\t<div class=\"elementor-element elementor-element-84e444f elementor-widget elementor-widget-copyright\" data-id=\"84e444f\" data-element_type=\"widget\" data-settings=\"{&quot;align&quot;:&quot;center&quot;}\" data-widget_type=\"copyright.default\">\n\t\t\t\t<div class=\"elementor-widget-container\">\n\t\t\t\t\t<div class=\"hfe-copyright-wrapper\">\n\t\t\t\t\t\t\t<span>Copyright \u00a9 2026 Dolunay Ayd\u0131nlatma | Powered by Dolunay Ayd\u0131nlatma<\/span>\n\t\t\t\t\t<\/div>\n\t\t\t\t<\/div>\n\t\t\t\t<\/div>\n\t\t\t\t\t<\/div>\n\t\t\t\t<\/div>\n\t\t\t\t<\/div>\n\t\t","protected":false},"excerpt":{"rendered":"<p>\u00dcR\u00dcNLER\u0130M\u0130Z HAKKIMIZDA \u00dcR\u00dcNLER REFERANSLAR E-KATALOG \u0130LET\u0130\u015e\u0130M X Mod\u00fcler Led Projekt\u00f6rler DLP M 350 View Product Led Projekt\u00f6rler DLP 240 View Product Led Projekt\u00f6rler DLP 360 View Product Mod\u00fcler Led Projekt\u00f6rler DLP M 100 View Product Load More Copyright \u00a9 | Powered by<\/p>\n","protected":false},"author":1,"featured_media":0,"parent":0,"menu_order":0,"comment_status":"closed","ping_status":"closed","template":"elementor_canvas","meta":{"footnotes":""},"_links":{"self":[{"href":"https:\/\/dolunayaydinlatma.com\/index.php\/wp-json\/wp\/v2\/pages\/369"}],"collection":[{"href":"https:\/\/dolunayaydinlatma.com\/index.php\/wp-json\/wp\/v2\/pages"}],"about":[{"href":"https:\/\/dolunayaydinlatma.com\/index.php\/wp-json\/wp\/v2\/types\/page"}],"author":[{"embeddable":true,"href":"https:\/\/dolunayaydinlatma.com\/index.php\/wp-json\/wp\/v2\/users\/1"}],"replies":[{"embeddable":true,"href":"https:\/\/dolunayaydinlatma.com\/index.php\/wp-json\/wp\/v2\/comments?post=369"}],"version-history":[{"count":12,"href":"https:\/\/dolunayaydinlatma.com\/index.php\/wp-json\/wp\/v2\/pages\/369\/revisions"}],"predecessor-version":[{"id":467,"href":"https:\/\/dolunayaydinlatma.com\/index.php\/wp-json\/wp\/v2\/pages\/369\/revisions\/467"}],"wp:attachment":[{"href":"https:\/\/dolunayaydinlatma.com\/index.php\/wp-json\/wp\/v2\/media?parent=369"}],"curies":[{"name":"wp","href":"https:\/\/api.w.org\/{rel}","templated":true}]}}