{"id":478,"date":"2024-04-22T17:27:40","date_gmt":"2024-04-22T14:27:40","guid":{"rendered":"https:\/\/dolunayaydinlatma.com\/?page_id=478"},"modified":"2024-04-23T00:40:13","modified_gmt":"2024-04-22T21:40:13","slug":"referanslar","status":"publish","type":"page","link":"https:\/\/dolunayaydinlatma.com\/index.php\/referanslar\/","title":{"rendered":"REFERANSLAR"},"content":{"rendered":"\t\t<div data-elementor-type=\"wp-page\" data-elementor-id=\"478\" class=\"elementor elementor-478\">\n\t\t\t\t<div class=\"elementor-element elementor-element-3b9925c e-flex e-con-boxed e-con e-parent\" data-id=\"3b9925c\" data-element_type=\"container\" data-settings=\"{&quot;background_background&quot;:&quot;classic&quot;}\">\n\t\t\t\t\t<div class=\"e-con-inner\">\n\t\t\t\t<div class=\"elementor-element elementor-element-f7b12fa elementor-widget elementor-widget-heading\" data-id=\"f7b12fa\" data-element_type=\"widget\" data-widget_type=\"heading.default\">\n\t\t\t\t<div class=\"elementor-widget-container\">\n\t\t\t<style>\/*! elementor - v3.21.0 - 18-04-2024 *\/\n.elementor-heading-title{padding:0;margin:0;line-height:1}.elementor-widget-heading .elementor-heading-title[class*=elementor-size-]>a{color:inherit;font-size:inherit;line-height:inherit}.elementor-widget-heading .elementor-heading-title.elementor-size-small{font-size:15px}.elementor-widget-heading .elementor-heading-title.elementor-size-medium{font-size:19px}.elementor-widget-heading .elementor-heading-title.elementor-size-large{font-size:29px}.elementor-widget-heading .elementor-heading-title.elementor-size-xl{font-size:39px}.elementor-widget-heading .elementor-heading-title.elementor-size-xxl{font-size:59px}<\/style><h2 class=\"elementor-heading-title elementor-size-small\">REFERANSLAR<\/h2>\t\t<\/div>\n\t\t\t\t<\/div>\n\t\t\t\t\t<\/div>\n\t\t\t\t<\/div>\n\t\t<div class=\"elementor-element elementor-element-64c4ae1 e-flex e-con-boxed e-con e-parent\" data-id=\"64c4ae1\" data-element_type=\"container\">\n\t\t\t\t\t<div class=\"e-con-inner\">\n\t\t\t\t<div class=\"elementor-element elementor-element-5c27725 elementor-widget elementor-widget-ekit-nav-menu\" data-id=\"5c27725\" data-element_type=\"widget\" data-widget_type=\"ekit-nav-menu.default\">\n\t\t\t\t<div class=\"elementor-widget-container\">\n\t\t\t<div class=\"ekit-wid-con ekit_menu_responsive_tablet\" data-hamburger-icon=\"\" data-hamburger-icon-type=\"icon\" data-responsive-breakpoint=\"1024\">            <button class=\"elementskit-menu-hamburger elementskit-menu-toggler\"  type=\"button\" aria-label=\"hamburger-icon\">\n                                    <span class=\"elementskit-menu-hamburger-icon\"><\/span><span class=\"elementskit-menu-hamburger-icon\"><\/span><span class=\"elementskit-menu-hamburger-icon\"><\/span>\n                            <\/button>\n            <div id=\"ekit-megamenu-ana-menu\" class=\"elementskit-menu-container elementskit-menu-offcanvas-elements elementskit-navbar-nav-default ekit-nav-menu-one-page-no ekit-nav-dropdown-hover\"><ul id=\"menu-ana-menu\" class=\"elementskit-navbar-nav elementskit-menu-po-left submenu-click-on-icon\"><li id=\"menu-item-477\" class=\"menu-item menu-item-type-custom menu-item-object-custom menu-item-home menu-item-477 nav-item elementskit-mobile-builder-content\" data-vertical-menu=750px><a href=\"https:\/\/dolunayaydinlatma.com\/\" class=\"ekit-menu-nav-link\">ANASAYFA<\/a><\/li>\n<li id=\"menu-item-402\" class=\"menu-item menu-item-type-custom menu-item-object-custom menu-item-402 nav-item elementskit-mobile-builder-content\" data-vertical-menu=750px><a href=\"https:\/\/dolunayaydinlatma.com\/index.php\/hakkimizda\/\" class=\"ekit-menu-nav-link\">HAKKIMIZDA<\/a><\/li>\n<li id=\"menu-item-401\" class=\"menu-item menu-item-type-custom menu-item-object-custom menu-item-401 nav-item elementskit-mobile-builder-content\" data-vertical-menu=750px><a href=\"https:\/\/dolunayaydinlatma.com\/index.php\/urunler\/\" class=\"ekit-menu-nav-link\">\u00dcR\u00dcNLER<\/a><\/li>\n<li id=\"menu-item-8\" class=\"menu-item menu-item-type-custom menu-item-object-custom menu-item-8 nav-item elementskit-mobile-builder-content\" data-vertical-menu=750px><a href=\"https:\/\/dolunayaydinlatma.com\/index.php\/referanslar\" class=\"ekit-menu-nav-link\">REFERANSLAR<\/a><\/li>\n<li id=\"menu-item-77\" class=\"menu-item menu-item-type-custom menu-item-object-custom menu-item-77 nav-item elementskit-mobile-builder-content\" data-vertical-menu=750px><a href=\"https:\/\/dolunayaydinlatma.com\/index.php\/e-katalog\" class=\"ekit-menu-nav-link\">E-KATALOG<\/a><\/li>\n<li id=\"menu-item-500\" class=\"menu-item menu-item-type-custom menu-item-object-custom menu-item-500 nav-item elementskit-mobile-builder-content\" data-vertical-menu=750px><a href=\"https:\/\/dolunayaydinlatma.com\/index.php\/belgeler\" class=\"ekit-menu-nav-link\">BELGELER<\/a><\/li>\n<li id=\"menu-item-506\" class=\"menu-item menu-item-type-custom menu-item-object-custom menu-item-506 nav-item elementskit-mobile-builder-content\" data-vertical-menu=750px><a href=\"https:\/\/dolunayaydinlatma.com\/index.php\/iletisim\" class=\"ekit-menu-nav-link\">\u0130LET\u0130\u015e\u0130M<\/a><\/li>\n<\/ul><div class=\"elementskit-nav-identity-panel\">\n\t\t\t\t<div class=\"elementskit-site-title\">\n\t\t\t\t\t<a class=\"elementskit-nav-logo\" href=\"https:\/\/dolunayaydinlatma.com\" target=\"_self\" rel=\"\">\n\t\t\t\t\t\t<img decoding=\"async\" src=\"\" title=\"\" alt=\"\" \/>\n\t\t\t\t\t<\/a> \n\t\t\t\t<\/div><button class=\"elementskit-menu-close elementskit-menu-toggler\" type=\"button\">X<\/button><\/div><\/div>\t\t\t\n\t\t\t<div class=\"elementskit-menu-overlay elementskit-menu-offcanvas-elements elementskit-menu-toggler ekit-nav-menu--overlay\"><\/div><\/div>\t\t<\/div>\n\t\t\t\t<\/div>\n\t\t\t\t\t<\/div>\n\t\t\t\t<\/div>\n\t\t<div class=\"elementor-element elementor-element-ff03f7c e-grid e-con-boxed e-con e-parent\" data-id=\"ff03f7c\" data-element_type=\"container\">\n\t\t\t\t\t<div class=\"e-con-inner\">\n\t\t\t\t<div class=\"elementor-element elementor-element-2652014 elementor-widget elementor-widget-image\" data-id=\"2652014\" data-element_type=\"widget\" data-widget_type=\"image.default\">\n\t\t\t\t<div class=\"elementor-widget-container\">\n\t\t\t<style>\/*! elementor - v3.21.0 - 18-04-2024 *\/\n.elementor-widget-image{text-align:center}.elementor-widget-image a{display:inline-block}.elementor-widget-image a img[src$=\".svg\"]{width:48px}.elementor-widget-image img{vertical-align:middle;display:inline-block}<\/style>\t\t\t\t\t\t\t\t\t\t<img fetchpriority=\"high\" decoding=\"async\" width=\"250\" height=\"247\" src=\"https:\/\/dolunayaydinlatma.com\/wp-content\/uploads\/2024\/04\/Sakarya_Buyuksehir_Belediyesi_logosu.png\" class=\"attachment-large size-large wp-image-482\" alt=\"\" srcset=\"https:\/\/dolunayaydinlatma.com\/wp-content\/uploads\/2024\/04\/Sakarya_Buyuksehir_Belediyesi_logosu.png 250w, https:\/\/dolunayaydinlatma.com\/wp-content\/uploads\/2024\/04\/Sakarya_Buyuksehir_Belediyesi_logosu-100x100.png 100w\" sizes=\"(max-width: 250px) 100vw, 250px\" \/>\t\t\t\t\t\t\t\t\t\t\t\t\t<\/div>\n\t\t\t\t<\/div>\n\t\t\t\t<div class=\"elementor-element elementor-element-d0c3faa elementor-widget elementor-widget-image\" data-id=\"d0c3faa\" data-element_type=\"widget\" data-widget_type=\"image.default\">\n\t\t\t\t<div class=\"elementor-widget-container\">\n\t\t\t\t\t\t\t\t\t\t\t\t\t<img decoding=\"async\" width=\"200\" height=\"150\" src=\"https:\/\/dolunayaydinlatma.com\/wp-content\/uploads\/2024\/04\/istanbul-sabahattin-zaim-universitesi7682-e1713795158346.jpg\" class=\"attachment-large size-large wp-image-480\" alt=\"\" \/>\t\t\t\t\t\t\t\t\t\t\t\t\t<\/div>\n\t\t\t\t<\/div>\n\t\t\t\t<div class=\"elementor-element elementor-element-1a705b0 elementor-widget elementor-widget-image\" data-id=\"1a705b0\" data-element_type=\"widget\" data-widget_type=\"image.default\">\n\t\t\t\t<div class=\"elementor-widget-container\">\n\t\t\t\t\t\t\t\t\t\t\t\t\t<img decoding=\"async\" width=\"246\" height=\"150\" src=\"https:\/\/dolunayaydinlatma.com\/wp-content\/uploads\/2024\/04\/logo-e1713795412551.webp\" class=\"attachment-large size-large wp-image-481\" alt=\"\" \/>\t\t\t\t\t\t\t\t\t\t\t\t\t<\/div>\n\t\t\t\t<\/div>\n\t\t\t\t<div class=\"elementor-element elementor-element-6ec570b elementor-widget elementor-widget-image\" data-id=\"6ec570b\" data-element_type=\"widget\" data-widget_type=\"image.default\">\n\t\t\t\t<div class=\"elementor-widget-container\">\n\t\t\t\t\t\t\t\t\t\t\t\t\t<img loading=\"lazy\" decoding=\"async\" width=\"270\" height=\"150\" src=\"https:\/\/dolunayaydinlatma.com\/wp-content\/uploads\/2024\/04\/indir.png\" class=\"attachment-large size-large wp-image-483\" alt=\"\" \/>\t\t\t\t\t\t\t\t\t\t\t\t\t<\/div>\n\t\t\t\t<\/div>\n\t\t\t\t<div class=\"elementor-element elementor-element-46fbefb elementor-widget elementor-widget-image\" data-id=\"46fbefb\" data-element_type=\"widget\" data-widget_type=\"image.default\">\n\t\t\t\t<div class=\"elementor-widget-container\">\n\t\t\t\t\t\t\t\t\t\t\t\t\t<img loading=\"lazy\" decoding=\"async\" width=\"866\" height=\"650\" src=\"https:\/\/dolunayaydinlatma.com\/wp-content\/uploads\/2024\/04\/ihh-insani-yardim-vakfi5125.jpg\" class=\"attachment-large size-large wp-image-484\" alt=\"\" srcset=\"https:\/\/dolunayaydinlatma.com\/wp-content\/uploads\/2024\/04\/ihh-insani-yardim-vakfi5125.jpg 866w, https:\/\/dolunayaydinlatma.com\/wp-content\/uploads\/2024\/04\/ihh-insani-yardim-vakfi5125-600x450.jpg 600w, https:\/\/dolunayaydinlatma.com\/wp-content\/uploads\/2024\/04\/ihh-insani-yardim-vakfi5125-300x225.jpg 300w, https:\/\/dolunayaydinlatma.com\/wp-content\/uploads\/2024\/04\/ihh-insani-yardim-vakfi5125-768x576.jpg 768w\" sizes=\"(max-width: 866px) 100vw, 866px\" \/>\t\t\t\t\t\t\t\t\t\t\t\t\t<\/div>\n\t\t\t\t<\/div>\n\t\t\t\t<div class=\"elementor-element elementor-element-6e69aeb elementor-widget elementor-widget-image\" data-id=\"6e69aeb\" data-element_type=\"widget\" data-widget_type=\"image.default\">\n\t\t\t\t<div class=\"elementor-widget-container\">\n\t\t\t\t\t\t\t\t\t\t\t\t\t<img loading=\"lazy\" decoding=\"async\" width=\"208\" height=\"243\" src=\"https:\/\/dolunayaydinlatma.com\/wp-content\/uploads\/2024\/04\/images.png\" class=\"attachment-large size-large wp-image-485\" alt=\"\" \/>\t\t\t\t\t\t\t\t\t\t\t\t\t<\/div>\n\t\t\t\t<\/div>\n\t\t\t\t\t<\/div>\n\t\t\t\t<\/div>\n\t\t<div class=\"elementor-element elementor-element-2a51f08 e-flex e-con-boxed e-con e-parent\" data-id=\"2a51f08\" data-element_type=\"container\">\n\t\t\t\t\t<div class=\"e-con-inner\">\n\t\t\t\t<div class=\"elementor-element elementor-element-6a45901 elementor-widget elementor-widget-copyright\" data-id=\"6a45901\" data-element_type=\"widget\" data-settings=\"{&quot;align&quot;:&quot;center&quot;}\" data-widget_type=\"copyright.default\">\n\t\t\t\t<div class=\"elementor-widget-container\">\n\t\t\t\t\t<div class=\"hfe-copyright-wrapper\">\n\t\t\t\t\t\t\t<span>Copyright \u00a9 2026 Dolunay Ayd\u0131nlatma | Powered by Dolunay Ayd\u0131nlatma<\/span>\n\t\t\t\t\t<\/div>\n\t\t\t\t<\/div>\n\t\t\t\t<\/div>\n\t\t\t\t\t<\/div>\n\t\t\t\t<\/div>\n\t\t\t\t<\/div>\n\t\t","protected":false},"excerpt":{"rendered":"<p>REFERANSLAR ANASAYFA HAKKIMIZDA \u00dcR\u00dcNLER REFERANSLAR E-KATALOG BELGELER \u0130LET\u0130\u015e\u0130M X Copyright \u00a9 | Powered by<\/p>\n","protected":false},"author":1,"featured_media":0,"parent":0,"menu_order":0,"comment_status":"closed","ping_status":"closed","template":"elementor_canvas","meta":{"footnotes":""},"_links":{"self":[{"href":"https:\/\/dolunayaydinlatma.com\/index.php\/wp-json\/wp\/v2\/pages\/478"}],"collection":[{"href":"https:\/\/dolunayaydinlatma.com\/index.php\/wp-json\/wp\/v2\/pages"}],"about":[{"href":"https:\/\/dolunayaydinlatma.com\/index.php\/wp-json\/wp\/v2\/types\/page"}],"author":[{"embeddable":true,"href":"https:\/\/dolunayaydinlatma.com\/index.php\/wp-json\/wp\/v2\/users\/1"}],"replies":[{"embeddable":true,"href":"https:\/\/dolunayaydinlatma.com\/index.php\/wp-json\/wp\/v2\/comments?post=478"}],"version-history":[{"count":16,"href":"https:\/\/dolunayaydinlatma.com\/index.php\/wp-json\/wp\/v2\/pages\/478\/revisions"}],"predecessor-version":[{"id":592,"href":"https:\/\/dolunayaydinlatma.com\/index.php\/wp-json\/wp\/v2\/pages\/478\/revisions\/592"}],"wp:attachment":[{"href":"https:\/\/dolunayaydinlatma.com\/index.php\/wp-json\/wp\/v2\/media?parent=478"}],"curies":[{"name":"wp","href":"https:\/\/api.w.org\/{rel}","templated":true}]}}