{"id":492,"date":"2024-04-22T17:32:59","date_gmt":"2024-04-22T14:32:59","guid":{"rendered":"https:\/\/dolunayaydinlatma.com\/?page_id=492"},"modified":"2024-06-14T14:30:13","modified_gmt":"2024-06-14T11:30:13","slug":"belgeler","status":"publish","type":"page","link":"https:\/\/dolunayaydinlatma.com\/index.php\/belgeler\/","title":{"rendered":"BELGELER"},"content":{"rendered":"\t\t<div data-elementor-type=\"wp-page\" data-elementor-id=\"492\" class=\"elementor elementor-492\">\n\t\t\t\t<div class=\"elementor-element elementor-element-594607f e-flex e-con-boxed e-con e-parent\" data-id=\"594607f\" data-element_type=\"container\">\n\t\t\t\t\t<div class=\"e-con-inner\">\n\t\t<div class=\"elementor-element elementor-element-53c9ef8 e-con-full e-flex e-con e-child\" data-id=\"53c9ef8\" data-element_type=\"container\" data-settings=\"{&quot;background_background&quot;:&quot;classic&quot;}\">\n\t\t\t\t<div class=\"elementor-element elementor-element-4ffbaee elementor-widget elementor-widget-heading\" data-id=\"4ffbaee\" data-element_type=\"widget\" data-widget_type=\"heading.default\">\n\t\t\t\t<div class=\"elementor-widget-container\">\n\t\t\t<style>\/*! elementor - v3.21.0 - 18-04-2024 *\/\n.elementor-heading-title{padding:0;margin:0;line-height:1}.elementor-widget-heading .elementor-heading-title[class*=elementor-size-]>a{color:inherit;font-size:inherit;line-height:inherit}.elementor-widget-heading .elementor-heading-title.elementor-size-small{font-size:15px}.elementor-widget-heading .elementor-heading-title.elementor-size-medium{font-size:19px}.elementor-widget-heading .elementor-heading-title.elementor-size-large{font-size:29px}.elementor-widget-heading .elementor-heading-title.elementor-size-xl{font-size:39px}.elementor-widget-heading .elementor-heading-title.elementor-size-xxl{font-size:59px}<\/style><h2 class=\"elementor-heading-title elementor-size-small\">BELGELER<\/h2>\t\t<\/div>\n\t\t\t\t<\/div>\n\t\t\t\t<\/div>\n\t\t\t\t\t<\/div>\n\t\t\t\t<\/div>\n\t\t<div class=\"elementor-element elementor-element-22ce89d e-flex e-con-boxed e-con e-parent\" data-id=\"22ce89d\" data-element_type=\"container\">\n\t\t\t\t\t<div class=\"e-con-inner\">\n\t\t\t\t<div class=\"elementor-element elementor-element-7810236 elementor-widget elementor-widget-ekit-nav-menu\" data-id=\"7810236\" data-element_type=\"widget\" data-widget_type=\"ekit-nav-menu.default\">\n\t\t\t\t<div class=\"elementor-widget-container\">\n\t\t\t<div class=\"ekit-wid-con ekit_menu_responsive_tablet\" data-hamburger-icon=\"\" data-hamburger-icon-type=\"icon\" data-responsive-breakpoint=\"1024\">            <button class=\"elementskit-menu-hamburger elementskit-menu-toggler\"  type=\"button\" aria-label=\"hamburger-icon\">\n                                    <span class=\"elementskit-menu-hamburger-icon\"><\/span><span class=\"elementskit-menu-hamburger-icon\"><\/span><span class=\"elementskit-menu-hamburger-icon\"><\/span>\n                            <\/button>\n            <div id=\"ekit-megamenu-ana-menu\" class=\"elementskit-menu-container elementskit-menu-offcanvas-elements elementskit-navbar-nav-default ekit-nav-menu-one-page-no ekit-nav-dropdown-hover\"><ul id=\"menu-ana-menu\" class=\"elementskit-navbar-nav elementskit-menu-po-left submenu-click-on-icon\"><li id=\"menu-item-477\" class=\"menu-item menu-item-type-custom menu-item-object-custom menu-item-home menu-item-477 nav-item elementskit-mobile-builder-content\" data-vertical-menu=750px><a href=\"https:\/\/dolunayaydinlatma.com\/\" class=\"ekit-menu-nav-link\">ANASAYFA<\/a><\/li>\n<li id=\"menu-item-402\" class=\"menu-item menu-item-type-custom menu-item-object-custom menu-item-402 nav-item elementskit-mobile-builder-content\" data-vertical-menu=750px><a href=\"https:\/\/dolunayaydinlatma.com\/index.php\/hakkimizda\/\" class=\"ekit-menu-nav-link\">HAKKIMIZDA<\/a><\/li>\n<li id=\"menu-item-401\" class=\"menu-item menu-item-type-custom menu-item-object-custom menu-item-401 nav-item elementskit-mobile-builder-content\" data-vertical-menu=750px><a href=\"https:\/\/dolunayaydinlatma.com\/index.php\/urunler\/\" class=\"ekit-menu-nav-link\">\u00dcR\u00dcNLER<\/a><\/li>\n<li id=\"menu-item-8\" class=\"menu-item menu-item-type-custom menu-item-object-custom menu-item-8 nav-item elementskit-mobile-builder-content\" data-vertical-menu=750px><a href=\"https:\/\/dolunayaydinlatma.com\/index.php\/referanslar\" class=\"ekit-menu-nav-link\">REFERANSLAR<\/a><\/li>\n<li id=\"menu-item-77\" class=\"menu-item menu-item-type-custom menu-item-object-custom menu-item-77 nav-item elementskit-mobile-builder-content\" data-vertical-menu=750px><a href=\"https:\/\/dolunayaydinlatma.com\/index.php\/e-katalog\" class=\"ekit-menu-nav-link\">E-KATALOG<\/a><\/li>\n<li id=\"menu-item-500\" class=\"menu-item menu-item-type-custom menu-item-object-custom menu-item-500 nav-item elementskit-mobile-builder-content\" data-vertical-menu=750px><a href=\"https:\/\/dolunayaydinlatma.com\/index.php\/belgeler\" class=\"ekit-menu-nav-link\">BELGELER<\/a><\/li>\n<li id=\"menu-item-506\" class=\"menu-item menu-item-type-custom menu-item-object-custom menu-item-506 nav-item elementskit-mobile-builder-content\" data-vertical-menu=750px><a href=\"https:\/\/dolunayaydinlatma.com\/index.php\/iletisim\" class=\"ekit-menu-nav-link\">\u0130LET\u0130\u015e\u0130M<\/a><\/li>\n<\/ul><div class=\"elementskit-nav-identity-panel\">\n\t\t\t\t<div class=\"elementskit-site-title\">\n\t\t\t\t\t<a class=\"elementskit-nav-logo\" href=\"https:\/\/dolunayaydinlatma.com\" target=\"_self\" rel=\"\">\n\t\t\t\t\t\t<img decoding=\"async\" src=\"\" title=\"\" alt=\"\" \/>\n\t\t\t\t\t<\/a> \n\t\t\t\t<\/div><button class=\"elementskit-menu-close elementskit-menu-toggler\" type=\"button\">X<\/button><\/div><\/div>\t\t\t\n\t\t\t<div class=\"elementskit-menu-overlay elementskit-menu-offcanvas-elements elementskit-menu-toggler ekit-nav-menu--overlay\"><\/div><\/div>\t\t<\/div>\n\t\t\t\t<\/div>\n\t\t\t\t\t<\/div>\n\t\t\t\t<\/div>\n\t\t<div class=\"elementor-element elementor-element-d12a1a7 e-flex e-con-boxed e-con e-parent\" data-id=\"d12a1a7\" data-element_type=\"container\">\n\t\t\t\t\t<div class=\"e-con-inner\">\n\t\t\t\t<div class=\"elementor-element elementor-element-8cd5082 elementor-widget elementor-widget-embedpres_document\" data-id=\"8cd5082\" data-element_type=\"widget\" data-widget_type=\"embedpres_document.default\">\n\t\t\t\t<div class=\"elementor-widget-container\">\n\t\t\t    \n        <div class=\"embedpress-document-embed ep-doc-d193970d82f5c78369e5a22a3f863b5b ose-document \" style=\"width: 1000px; height: 550px; max-width:100%; display: inline-block\">\n    \n                        <div >\n    \n                <div id=\"ep-elementor-content-8cd5082\" class=\"ep-elementor-content    ep-content-protection-disabled\">\n                    <div id=\"8cd5082\" class=\"ep-embed-content-wraper\">\n                        <div class=\"embedpress-embed-document-pdf embedpress-pdf-8cd5082\" data-emid=\"embedpress-pdf-8cd5082\" data-emsrc=\"https:\/\/dolunayaydinlatma.com\/wp-content\/uploads\/2024\/04\/x-ml45146nc4070-nvsw219f-12.pdf\"><iframe title=\"x-ml45146nc4070-nvsw219f-12\" allowfullscreen=\"true\" mozallowfullscreen=\"true\" webkitallowfullscreen=\"true\" style=\"width: 1000px; height: 550px; max-width:100%;\" src=\"https:\/\/dolunayaydinlatma.com\/wp-content\/uploads\/2024\/04\/x-ml45146nc4070-nvsw219f-12.pdf\"><\/iframe><\/div>                    <\/div>\n                <\/div>\n                            <\/div>\n        <\/div>\n    \n    \t\t<\/div>\n\t\t\t\t<\/div>\n\t\t\t\t\t<\/div>\n\t\t\t\t<\/div>\n\t\t<div class=\"elementor-element elementor-element-77dd3de e-flex e-con-boxed e-con e-parent\" data-id=\"77dd3de\" data-element_type=\"container\">\n\t\t\t\t\t<div class=\"e-con-inner\">\n\t\t\t\t<div class=\"elementor-element elementor-element-1a67efc elementor-widget elementor-widget-embedpres_document\" data-id=\"1a67efc\" data-element_type=\"widget\" data-widget_type=\"embedpres_document.default\">\n\t\t\t\t<div class=\"elementor-widget-container\">\n\t\t\t    \n        <div class=\"embedpress-document-embed ep-doc-43a4a8393b0f07b91a584a95627d0d0b ose-document \" style=\"width: 1000px; height: 550px; max-width:100%; display: inline-block\">\n    \n                        <div >\n    \n                <div id=\"ep-elementor-content-1a67efc\" class=\"ep-elementor-content    ep-content-protection-disabled\">\n                    <div id=\"1a67efc\" class=\"ep-embed-content-wraper\">\n                        <div class=\"embedpress-embed-document-pdf embedpress-pdf-1a67efc\" data-emid=\"embedpress-pdf-1a67efc\" data-emsrc=\"https:\/\/dolunayaydinlatma.com\/wp-content\/uploads\/2024\/06\/307_manual.pdf\"><iframe title=\"307_manual\" allowfullscreen=\"true\" mozallowfullscreen=\"true\" webkitallowfullscreen=\"true\" style=\"width: 1000px; height: 550px; max-width:100%;\" src=\"https:\/\/dolunayaydinlatma.com\/wp-content\/uploads\/2024\/06\/307_manual.pdf\"><\/iframe><\/div>                    <\/div>\n                <\/div>\n                            <\/div>\n        <\/div>\n    \n    \t\t<\/div>\n\t\t\t\t<\/div>\n\t\t\t\t\t<\/div>\n\t\t\t\t<\/div>\n\t\t<div class=\"elementor-element elementor-element-216b168 e-flex e-con-boxed e-con e-parent\" data-id=\"216b168\" data-element_type=\"container\">\n\t\t\t\t\t<div class=\"e-con-inner\">\n\t\t\t\t<div class=\"elementor-element elementor-element-e9feac3 elementor-widget elementor-widget-embedpres_document\" data-id=\"e9feac3\" data-element_type=\"widget\" data-widget_type=\"embedpres_document.default\">\n\t\t\t\t<div class=\"elementor-widget-container\">\n\t\t\t    \n        <div class=\"embedpress-document-embed ep-doc-3430f1f274e622790d2f2e0796172637 ose-document \" style=\"width: 1000px; height: 550px; max-width:100%; display: inline-block\">\n    \n                        <div >\n    \n                <div id=\"ep-elementor-content-e9feac3\" class=\"ep-elementor-content    ep-content-protection-disabled\">\n                    <div id=\"e9feac3\" class=\"ep-embed-content-wraper\">\n                        <div class=\"embedpress-embed-document-pdf embedpress-pdf-e9feac3\" data-emid=\"embedpress-pdf-e9feac3\" data-emsrc=\"https:\/\/dolunayaydinlatma.com\/wp-content\/uploads\/2024\/06\/175A_901_01A.pdf\"><iframe title=\"175A_901_01A\" allowfullscreen=\"true\" mozallowfullscreen=\"true\" webkitallowfullscreen=\"true\" style=\"width: 1000px; height: 550px; max-width:100%;\" src=\"https:\/\/dolunayaydinlatma.com\/wp-content\/uploads\/2024\/06\/175A_901_01A.pdf\"><\/iframe><\/div>                    <\/div>\n                <\/div>\n                            <\/div>\n        <\/div>\n    \n    \t\t<\/div>\n\t\t\t\t<\/div>\n\t\t\t\t\t<\/div>\n\t\t\t\t<\/div>\n\t\t<div class=\"elementor-element elementor-element-ac2bc83 e-flex e-con-boxed e-con e-parent\" data-id=\"ac2bc83\" data-element_type=\"container\">\n\t\t\t\t\t<div class=\"e-con-inner\">\n\t\t\t\t<div class=\"elementor-element elementor-element-c4c7c25 elementor-widget elementor-widget-embedpres_document\" data-id=\"c4c7c25\" data-element_type=\"widget\" data-widget_type=\"embedpres_document.default\">\n\t\t\t\t<div class=\"elementor-widget-container\">\n\t\t\t    \n        <div class=\"embedpress-document-embed ep-doc-171d9ef8c4dee5a16a22873cb314bbb3 ose-document \" style=\"width: 1000px; height: 550px; max-width:100%; display: inline-block\">\n    \n                        <div >\n    \n                <div id=\"ep-elementor-content-c4c7c25\" class=\"ep-elementor-content    ep-content-protection-disabled\">\n                    <div id=\"c4c7c25\" class=\"ep-embed-content-wraper\">\n                        <div class=\"embedpress-embed-document-pdf embedpress-pdf-c4c7c25\" data-emid=\"embedpress-pdf-c4c7c25\" data-emsrc=\"https:\/\/dolunayaydinlatma.com\/wp-content\/uploads\/2024\/06\/Certificate-of-Calibration.pdf\"><iframe title=\"Certificate of Calibration\" allowfullscreen=\"true\" mozallowfullscreen=\"true\" webkitallowfullscreen=\"true\" style=\"width: 1000px; height: 550px; max-width:100%;\" src=\"https:\/\/dolunayaydinlatma.com\/wp-content\/uploads\/2024\/06\/Certificate-of-Calibration.pdf\"><\/iframe><\/div>                    <\/div>\n                <\/div>\n                            <\/div>\n        <\/div>\n    \n    \t\t<\/div>\n\t\t\t\t<\/div>\n\t\t\t\t\t<\/div>\n\t\t\t\t<\/div>\n\t\t<div class=\"elementor-element elementor-element-7f3e780 e-flex e-con-boxed e-con e-parent\" data-id=\"7f3e780\" data-element_type=\"container\">\n\t\t\t\t\t<div class=\"e-con-inner\">\n\t\t\t\t<div class=\"elementor-element elementor-element-9e93141 elementor-widget elementor-widget-embedpres_document\" data-id=\"9e93141\" data-element_type=\"widget\" data-widget_type=\"embedpres_document.default\">\n\t\t\t\t<div class=\"elementor-widget-container\">\n\t\t\t    \n        <div class=\"embedpress-document-embed ep-doc-a2327eec86f513627172b83e203c2aab ose-document \" style=\"width: 1000px; height: 550px; max-width:100%; display: inline-block\">\n    \n                        <div >\n    \n                <div id=\"ep-elementor-content-9e93141\" class=\"ep-elementor-content    ep-content-protection-disabled\">\n                    <div id=\"9e93141\" class=\"ep-embed-content-wraper\">\n                        <div class=\"embedpress-embed-document-pdf embedpress-pdf-9e93141\" data-emid=\"embedpress-pdf-9e93141\" data-emsrc=\"https:\/\/dolunayaydinlatma.com\/wp-content\/uploads\/2024\/06\/AYDINLATMA.pdf\"><iframe title=\"AYDINLATMA\" allowfullscreen=\"true\" mozallowfullscreen=\"true\" webkitallowfullscreen=\"true\" style=\"width: 1000px; height: 550px; max-width:100%;\" src=\"https:\/\/dolunayaydinlatma.com\/wp-content\/uploads\/2024\/06\/AYDINLATMA.pdf\"><\/iframe><\/div>                    <\/div>\n                <\/div>\n                            <\/div>\n        <\/div>\n    \n    \t\t<\/div>\n\t\t\t\t<\/div>\n\t\t\t\t\t<\/div>\n\t\t\t\t<\/div>\n\t\t<div class=\"elementor-element elementor-element-d3174a6 e-flex e-con-boxed e-con e-parent\" data-id=\"d3174a6\" data-element_type=\"container\">\n\t\t\t\t\t<div class=\"e-con-inner\">\n\t\t\t\t<div class=\"elementor-element elementor-element-763ef70 elementor-widget elementor-widget-copyright\" data-id=\"763ef70\" data-element_type=\"widget\" data-settings=\"{&quot;align&quot;:&quot;center&quot;}\" data-widget_type=\"copyright.default\">\n\t\t\t\t<div class=\"elementor-widget-container\">\n\t\t\t\t\t<div class=\"hfe-copyright-wrapper\">\n\t\t\t\t\t\t\t<span>Copyright \u00a9 2026 Dolunay Ayd\u0131nlatma | Powered by Dolunay Ayd\u0131nlatma<\/span>\n\t\t\t\t\t<\/div>\n\t\t\t\t<\/div>\n\t\t\t\t<\/div>\n\t\t\t\t\t<\/div>\n\t\t\t\t<\/div>\n\t\t\t\t<\/div>\n\t\t","protected":false},"excerpt":{"rendered":"<p>BELGELER ANASAYFA HAKKIMIZDA \u00dcR\u00dcNLER REFERANSLAR E-KATALOG BELGELER \u0130LET\u0130\u015e\u0130M X Copyright \u00a9 | Powered by<\/p>\n","protected":false},"author":1,"featured_media":0,"parent":0,"menu_order":0,"comment_status":"closed","ping_status":"closed","template":"elementor_canvas","meta":{"footnotes":""},"_links":{"self":[{"href":"https:\/\/dolunayaydinlatma.com\/index.php\/wp-json\/wp\/v2\/pages\/492"}],"collection":[{"href":"https:\/\/dolunayaydinlatma.com\/index.php\/wp-json\/wp\/v2\/pages"}],"about":[{"href":"https:\/\/dolunayaydinlatma.com\/index.php\/wp-json\/wp\/v2\/types\/page"}],"author":[{"embeddable":true,"href":"https:\/\/dolunayaydinlatma.com\/index.php\/wp-json\/wp\/v2\/users\/1"}],"replies":[{"embeddable":true,"href":"https:\/\/dolunayaydinlatma.com\/index.php\/wp-json\/wp\/v2\/comments?post=492"}],"version-history":[{"count":25,"href":"https:\/\/dolunayaydinlatma.com\/index.php\/wp-json\/wp\/v2\/pages\/492\/revisions"}],"predecessor-version":[{"id":760,"href":"https:\/\/dolunayaydinlatma.com\/index.php\/wp-json\/wp\/v2\/pages\/492\/revisions\/760"}],"wp:attachment":[{"href":"https:\/\/dolunayaydinlatma.com\/index.php\/wp-json\/wp\/v2\/media?parent=492"}],"curies":[{"name":"wp","href":"https:\/\/api.w.org\/{rel}","templated":true}]}}