{"id":700,"date":"2024-06-08T22:55:35","date_gmt":"2024-06-08T19:55:35","guid":{"rendered":"https:\/\/dolunayaydinlatma.com\/?page_id=700"},"modified":"2024-06-14T14:29:04","modified_gmt":"2024-06-14T11:29:04","slug":"yuksek-tavan-armaturleri-1","status":"publish","type":"page","link":"https:\/\/dolunayaydinlatma.com\/index.php\/yuksek-tavan-armaturleri-1\/","title":{"rendered":"Y\u00dcKSEK TAVAN ARMAT\u00dcRLER\u0130 1"},"content":{"rendered":"\t\t<div data-elementor-type=\"wp-page\" data-elementor-id=\"700\" class=\"elementor elementor-700\">\n\t\t\t\t<div class=\"elementor-element elementor-element-690d6af e-flex e-con-boxed e-con e-parent\" data-id=\"690d6af\" data-element_type=\"container\">\n\t\t\t\t\t<div class=\"e-con-inner\">\n\t\t\t\t<div class=\"elementor-element elementor-element-b66b1bc elementor-align-center elementor-widget elementor-widget-embedpress_pdf\" data-id=\"b66b1bc\" data-element_type=\"widget\" data-widget_type=\"embedpress_pdf.default\">\n\t\t\t\t<div class=\"elementor-widget-container\">\n\t\t\t    <div class=\"embedpress-document-embed ep-doc-92bbdccefde6dab4696da14a2562e081 ose-document emebedpress-unit-percent \" data-thememode=\"default\" data-customcolor=\"\" data-toolbar=\"yes\" data-toolbar-position=\"top\" data-open=\"no\" data-presentation-mode=\"yes\" data-download=\"yes\" data-copy=\"yes\" data-rotate=\"yes\" data-details=\"yes\" data-id=\"embedpress-pdf-b66b1bc\" style=\" max-width:100%; display: inline-block\">\n        \n        \n                <div >\n                \n                    <div id=\"ep-elementor-content-b66b1bc\" class=\"ep-elementor-content   ep-percentage-width   ep-content-protection-disabled\">\n                        <div id=\"b66b1bc\" class=\"ep-embed-content-wraper\">\n                            <div><iframe title=\"Y\u00dcKSEK TAVAN ARMAT\u00dcRLER\u0130 K\u0130TAP\u00c7IK\" class=\"embedpress-embed-document-pdf embedpress-pdf-b66b1bc\" style=\"width: 100%!important;height: 1000px;; max-width:100%; display: inline-block\" src=\"https:\/\/dolunayaydinlatma.com\/wp-admin\/admin-ajax.php?action=get_viewer&#038;file=https%3A%2F%2Fdolunayaydinlatma.com%2Fwp-content%2Fuploads%2F2024%2F06%2FYUKSEK-TAVAN-ARMATURLERI-KITAPCIK.pdf#key=dGhlbWVNb2RlPWRlZmF1bHQmdG9vbGJhcj10cnVlJnBvc2l0aW9uPXRvcCZwcmVzZW50YXRpb249dHJ1ZSZkb3dubG9hZD10cnVlJmNvcHlfdGV4dD10cnVlJmFkZF90ZXh0PXRydWUmZHJhdz10cnVlJnBkZl9yb3RhdGlvbj10cnVlJnBkZl9kZXRhaWxzPXRydWU=&#038;zoom=auto\" class=\"embedpress-embed-document-pdf embedpress-pdf-b66b1bc\" data-emid=\"embedpress-pdf-b66b1bc\" https:\/\/dolunayaydinlatma.com\/wp-content\/uploads\/2024\/06\/YUKSEK-TAVAN-ARMATURLERI-KITAPCIK.pdf=\"\" frameborder=\"0\"><\/iframe><\/div>                        <\/div>\n                    <\/div>\n                                    <\/div>\n            \n    <\/div>\n\n\t\t<\/div>\n\t\t\t\t<\/div>\n\t\t\t\t\t<\/div>\n\t\t\t\t<\/div>\n\t\t\t\t<\/div>\n\t\t","protected":false},"excerpt":{"rendered":"","protected":false},"author":1,"featured_media":0,"parent":0,"menu_order":0,"comment_status":"closed","ping_status":"closed","template":"elementor_canvas","meta":{"footnotes":""},"_links":{"self":[{"href":"https:\/\/dolunayaydinlatma.com\/index.php\/wp-json\/wp\/v2\/pages\/700"}],"collection":[{"href":"https:\/\/dolunayaydinlatma.com\/index.php\/wp-json\/wp\/v2\/pages"}],"about":[{"href":"https:\/\/dolunayaydinlatma.com\/index.php\/wp-json\/wp\/v2\/types\/page"}],"author":[{"embeddable":true,"href":"https:\/\/dolunayaydinlatma.com\/index.php\/wp-json\/wp\/v2\/users\/1"}],"replies":[{"embeddable":true,"href":"https:\/\/dolunayaydinlatma.com\/index.php\/wp-json\/wp\/v2\/comments?post=700"}],"version-history":[{"count":10,"href":"https:\/\/dolunayaydinlatma.com\/index.php\/wp-json\/wp\/v2\/pages\/700\/revisions"}],"predecessor-version":[{"id":757,"href":"https:\/\/dolunayaydinlatma.com\/index.php\/wp-json\/wp\/v2\/pages\/700\/revisions\/757"}],"wp:attachment":[{"href":"https:\/\/dolunayaydinlatma.com\/index.php\/wp-json\/wp\/v2\/media?parent=700"}],"curies":[{"name":"wp","href":"https:\/\/api.w.org\/{rel}","templated":true}]}}