{"id":734,"date":"2024-06-13T22:35:08","date_gmt":"2024-06-13T19:35:08","guid":{"rendered":"https:\/\/dolunayaydinlatma.com\/?page_id=734"},"modified":"2024-06-14T14:27:10","modified_gmt":"2024-06-14T11:27:10","slug":"led-projektorler","status":"publish","type":"page","link":"https:\/\/dolunayaydinlatma.com\/index.php\/led-projektorler\/","title":{"rendered":"LED PROJEKT\u00d6RLER"},"content":{"rendered":"\t\t<div data-elementor-type=\"wp-page\" data-elementor-id=\"734\" class=\"elementor elementor-734\">\n\t\t\t\t<div class=\"elementor-element elementor-element-6d296aa e-flex e-con-boxed e-con e-parent\" data-id=\"6d296aa\" data-element_type=\"container\">\n\t\t\t\t\t<div class=\"e-con-inner\">\n\t\t\t\t<div class=\"elementor-element elementor-element-6c14fa8 elementor-widget elementor-widget-embedpress_pdf\" data-id=\"6c14fa8\" data-element_type=\"widget\" data-widget_type=\"embedpress_pdf.default\">\n\t\t\t\t<div class=\"elementor-widget-container\">\n\t\t\t    <div class=\"embedpress-document-embed ep-doc-db691a009a43155b5eec6ca71d3ee003 ose-document emebedpress-unit-percent \" data-thememode=\"default\" data-customcolor=\"\" data-toolbar=\"yes\" data-toolbar-position=\"top\" data-open=\"no\" data-presentation-mode=\"yes\" data-download=\"yes\" data-copy=\"yes\" data-rotate=\"yes\" data-details=\"yes\" data-id=\"embedpress-pdf-6c14fa8\" style=\" max-width:100%; display: inline-block\">\n        \n        \n    <\/div>\n\n\t\t<\/div>\n\t\t\t\t<\/div>\n\t\t\t\t\t<\/div>\n\t\t\t\t<\/div>\n\t\t<div class=\"elementor-element elementor-element-8a4ab97 e-flex e-con-boxed e-con e-parent\" data-id=\"8a4ab97\" data-element_type=\"container\">\n\t\t\t\t\t<div class=\"e-con-inner\">\n\t\t\t\t<div class=\"elementor-element elementor-element-18bf2aa elementor-widget elementor-widget-embedpress_pdf\" data-id=\"18bf2aa\" data-element_type=\"widget\" data-widget_type=\"embedpress_pdf.default\">\n\t\t\t\t<div class=\"elementor-widget-container\">\n\t\t\t    <div class=\"embedpress-document-embed ep-doc-50515591e7ea1e83e222be525a16c349 ose-document emebedpress-unit-percent \" data-thememode=\"default\" data-customcolor=\"\" data-toolbar=\"yes\" data-toolbar-position=\"top\" data-open=\"no\" data-presentation-mode=\"yes\" data-download=\"yes\" data-copy=\"yes\" data-rotate=\"yes\" data-details=\"yes\" data-id=\"embedpress-pdf-18bf2aa\" style=\" max-width:100%; display: inline-block\">\n        \n        \n                <div >\n                \n                    <div id=\"ep-elementor-content-18bf2aa\" class=\"ep-elementor-content   ep-percentage-width   ep-content-protection-disabled\">\n                        <div id=\"18bf2aa\" class=\"ep-embed-content-wraper\">\n                            <div><iframe title=\"LED PROJEKT\u00d6RLER K\u0130TAP\u00c7IK\" class=\"embedpress-embed-document-pdf embedpress-pdf-18bf2aa\" style=\"width: 100%!important;height: 975px;; max-width:100%; display: inline-block\" src=\"https:\/\/dolunayaydinlatma.com\/wp-admin\/admin-ajax.php?action=get_viewer&#038;file=https%3A%2F%2Fdolunayaydinlatma.com%2Fwp-content%2Fuploads%2F2024%2F06%2FLED-PROJEKTORLER-KITAPCIK.pdf#key=dGhlbWVNb2RlPWRlZmF1bHQmdG9vbGJhcj10cnVlJnBvc2l0aW9uPXRvcCZwcmVzZW50YXRpb249dHJ1ZSZkb3dubG9hZD10cnVlJmNvcHlfdGV4dD10cnVlJmFkZF90ZXh0PXRydWUmZHJhdz10cnVlJnBkZl9yb3RhdGlvbj10cnVlJnBkZl9kZXRhaWxzPXRydWU=&#038;zoom=auto\" class=\"embedpress-embed-document-pdf embedpress-pdf-18bf2aa\" data-emid=\"embedpress-pdf-18bf2aa\" https:\/\/dolunayaydinlatma.com\/wp-content\/uploads\/2024\/06\/LED-PROJEKTORLER-KITAPCIK.pdf=\"\" frameborder=\"0\"><\/iframe><\/div>                        <\/div>\n                    <\/div>\n                                    <\/div>\n            \n    <\/div>\n\n\t\t<\/div>\n\t\t\t\t<\/div>\n\t\t\t\t\t<\/div>\n\t\t\t\t<\/div>\n\t\t\t\t<\/div>\n\t\t","protected":false},"excerpt":{"rendered":"","protected":false},"author":1,"featured_media":0,"parent":0,"menu_order":0,"comment_status":"closed","ping_status":"closed","template":"elementor_canvas","meta":{"footnotes":""},"_links":{"self":[{"href":"https:\/\/dolunayaydinlatma.com\/index.php\/wp-json\/wp\/v2\/pages\/734"}],"collection":[{"href":"https:\/\/dolunayaydinlatma.com\/index.php\/wp-json\/wp\/v2\/pages"}],"about":[{"href":"https:\/\/dolunayaydinlatma.com\/index.php\/wp-json\/wp\/v2\/types\/page"}],"author":[{"embeddable":true,"href":"https:\/\/dolunayaydinlatma.com\/index.php\/wp-json\/wp\/v2\/users\/1"}],"replies":[{"embeddable":true,"href":"https:\/\/dolunayaydinlatma.com\/index.php\/wp-json\/wp\/v2\/comments?post=734"}],"version-history":[{"count":7,"href":"https:\/\/dolunayaydinlatma.com\/index.php\/wp-json\/wp\/v2\/pages\/734\/revisions"}],"predecessor-version":[{"id":751,"href":"https:\/\/dolunayaydinlatma.com\/index.php\/wp-json\/wp\/v2\/pages\/734\/revisions\/751"}],"wp:attachment":[{"href":"https:\/\/dolunayaydinlatma.com\/index.php\/wp-json\/wp\/v2\/media?parent=734"}],"curies":[{"name":"wp","href":"https:\/\/api.w.org\/{rel}","templated":true}]}}