{"id":737,"date":"2024-06-13T22:54:37","date_gmt":"2024-06-13T19:54:37","guid":{"rendered":"https:\/\/dolunayaydinlatma.com\/?page_id=737"},"modified":"2024-06-14T14:28:42","modified_gmt":"2024-06-14T11:28:42","slug":"mercekli-led-projektorler","status":"publish","type":"page","link":"https:\/\/dolunayaydinlatma.com\/index.php\/mercekli-led-projektorler\/","title":{"rendered":"MERCEKL\u0130 LED PROJEKT\u00d6RLER"},"content":{"rendered":"\t\t<div data-elementor-type=\"wp-page\" data-elementor-id=\"737\" class=\"elementor elementor-737\">\n\t\t\t\t<div class=\"elementor-element elementor-element-ae27619 e-flex e-con-boxed e-con e-parent\" data-id=\"ae27619\" data-element_type=\"container\">\n\t\t\t\t\t<div class=\"e-con-inner\">\n\t\t\t\t<div class=\"elementor-element elementor-element-916fd71 elementor-widget elementor-widget-embedpress_pdf\" data-id=\"916fd71\" data-element_type=\"widget\" data-widget_type=\"embedpress_pdf.default\">\n\t\t\t\t<div class=\"elementor-widget-container\">\n\t\t\t    <div class=\"embedpress-document-embed ep-doc-33f82582b9a37eb0e71df90942393ae5 ose-document emebedpress-unit-percent \" data-thememode=\"default\" data-customcolor=\"\" data-toolbar=\"yes\" data-toolbar-position=\"top\" data-open=\"no\" data-presentation-mode=\"yes\" data-download=\"yes\" data-copy=\"yes\" data-rotate=\"yes\" data-details=\"yes\" data-id=\"embedpress-pdf-916fd71\" style=\" max-width:100%; display: inline-block\">\n        \n        \n                <div >\n                \n                    <div id=\"ep-elementor-content-916fd71\" class=\"ep-elementor-content   ep-percentage-width   ep-content-protection-disabled\">\n                        <div id=\"916fd71\" class=\"ep-embed-content-wraper\">\n                            <div><iframe title=\"MERCEKL\u0130 LEDLER K\u0130TAP\u00c7IK\" class=\"embedpress-embed-document-pdf embedpress-pdf-916fd71\" style=\"width: 100%!important;height: 1000px;; max-width:100%; display: inline-block\" src=\"https:\/\/dolunayaydinlatma.com\/wp-admin\/admin-ajax.php?action=get_viewer&#038;file=https%3A%2F%2Fdolunayaydinlatma.com%2Fwp-content%2Fuploads%2F2024%2F06%2FMERCEKLI-LEDLER-KITAPCIK.pdf#key=dGhlbWVNb2RlPWRlZmF1bHQmdG9vbGJhcj10cnVlJnBvc2l0aW9uPXRvcCZwcmVzZW50YXRpb249dHJ1ZSZkb3dubG9hZD10cnVlJmNvcHlfdGV4dD10cnVlJmFkZF90ZXh0PXRydWUmZHJhdz10cnVlJnBkZl9yb3RhdGlvbj10cnVlJnBkZl9kZXRhaWxzPXRydWU=&#038;zoom=auto\" class=\"embedpress-embed-document-pdf embedpress-pdf-916fd71\" data-emid=\"embedpress-pdf-916fd71\" https:\/\/dolunayaydinlatma.com\/wp-content\/uploads\/2024\/06\/MERCEKLI-LEDLER-KITAPCIK.pdf=\"\" frameborder=\"0\"><\/iframe><\/div>                        <\/div>\n                    <\/div>\n                                    <\/div>\n            \n    <\/div>\n\n\t\t<\/div>\n\t\t\t\t<\/div>\n\t\t\t\t\t<\/div>\n\t\t\t\t<\/div>\n\t\t\t\t<\/div>\n\t\t","protected":false},"excerpt":{"rendered":"","protected":false},"author":1,"featured_media":0,"parent":0,"menu_order":0,"comment_status":"closed","ping_status":"closed","template":"elementor_canvas","meta":{"footnotes":""},"_links":{"self":[{"href":"https:\/\/dolunayaydinlatma.com\/index.php\/wp-json\/wp\/v2\/pages\/737"}],"collection":[{"href":"https:\/\/dolunayaydinlatma.com\/index.php\/wp-json\/wp\/v2\/pages"}],"about":[{"href":"https:\/\/dolunayaydinlatma.com\/index.php\/wp-json\/wp\/v2\/types\/page"}],"author":[{"embeddable":true,"href":"https:\/\/dolunayaydinlatma.com\/index.php\/wp-json\/wp\/v2\/users\/1"}],"replies":[{"embeddable":true,"href":"https:\/\/dolunayaydinlatma.com\/index.php\/wp-json\/wp\/v2\/comments?post=737"}],"version-history":[{"count":7,"href":"https:\/\/dolunayaydinlatma.com\/index.php\/wp-json\/wp\/v2\/pages\/737\/revisions"}],"predecessor-version":[{"id":754,"href":"https:\/\/dolunayaydinlatma.com\/index.php\/wp-json\/wp\/v2\/pages\/737\/revisions\/754"}],"wp:attachment":[{"href":"https:\/\/dolunayaydinlatma.com\/index.php\/wp-json\/wp\/v2\/media?parent=737"}],"curies":[{"name":"wp","href":"https:\/\/api.w.org\/{rel}","templated":true}]}}