{"id":614,"date":"2024-04-23T15:39:53","date_gmt":"2024-04-23T12:39:53","guid":{"rendered":"https:\/\/dolunayaydinlatma.com\/?post_type=product&#038;p=614"},"modified":"2024-04-30T22:27:56","modified_gmt":"2024-04-30T19:27:56","slug":"dlf-60","status":"publish","type":"product","link":"https:\/\/dolunayaydinlatma.com\/index.php\/urun\/dlf-60\/","title":{"rendered":"DLF 60"},"content":{"rendered":"<p>LED ADED\u0130 : 60<br \/>\nGER\u0130L\u0130M : 220<br \/>\nG\u00dc\u00c7 : 60 Watt<\/p>\n<p>AKIM : 700 ma<br \/>\n\u00c7ALI\u015eMA SICAKLI\u011eI : 20 ~ + 60\u00b0<br \/>\nA\u011eIRLIK : 1.6 Kg<br \/>\nBOYUT 600 x 90 x 75 mm<br \/>\nKORUMA SINIFI : \u0130\u00e7 Mekan IP54<br \/>\nA\u00c7I : 120\u00b0<br \/>\nI\u015eIK RENG\u0130 : 3000\u00b0 &#8211; 6500\u00b0<br \/>\nI\u015eIK AKISI : 9600 L\u00fcmen<br \/>\nG\u00d6VDE : Eloksall\u0131 Ekst\u00fcrizyon Aluminyum<br \/>\nCAM : Polikarbon Kapak<br \/>\nKULLANIM \u00d6MR\u00dc : \u2265 50.000 saat<\/p>\n","protected":false},"excerpt":{"rendered":"<p>60 Watt Bant Tipi Tavan Armat\u00fcr\u00fc<\/p>\n","protected":false},"featured_media":615,"comment_status":"open","ping_status":"closed","template":"","meta":[],"product_cat":[22],"product_tag":[],"_links":{"self":[{"href":"https:\/\/dolunayaydinlatma.com\/index.php\/wp-json\/wp\/v2\/product\/614"}],"collection":[{"href":"https:\/\/dolunayaydinlatma.com\/index.php\/wp-json\/wp\/v2\/product"}],"about":[{"href":"https:\/\/dolunayaydinlatma.com\/index.php\/wp-json\/wp\/v2\/types\/product"}],"replies":[{"embeddable":true,"href":"https:\/\/dolunayaydinlatma.com\/index.php\/wp-json\/wp\/v2\/comments?post=614"}],"wp:featuredmedia":[{"embeddable":true,"href":"https:\/\/dolunayaydinlatma.com\/index.php\/wp-json\/wp\/v2\/media\/615"}],"wp:attachment":[{"href":"https:\/\/dolunayaydinlatma.com\/index.php\/wp-json\/wp\/v2\/media?parent=614"}],"wp:term":[{"taxonomy":"product_cat","embeddable":true,"href":"https:\/\/dolunayaydinlatma.com\/index.php\/wp-json\/wp\/v2\/product_cat?post=614"},{"taxonomy":"product_tag","embeddable":true,"href":"https:\/\/dolunayaydinlatma.com\/index.php\/wp-json\/wp\/v2\/product_tag?post=614"}],"curies":[{"name":"wp","href":"https:\/\/api.w.org\/{rel}","templated":true}]}}