{"id":618,"date":"2024-04-23T15:44:09","date_gmt":"2024-04-23T12:44:09","guid":{"rendered":"https:\/\/dolunayaydinlatma.com\/?post_type=product&#038;p=618"},"modified":"2024-04-27T00:47:29","modified_gmt":"2024-04-26T21:47:29","slug":"dlf-120","status":"publish","type":"product","link":"https:\/\/dolunayaydinlatma.com\/index.php\/urun\/dlf-120\/","title":{"rendered":"DLF 120"},"content":{"rendered":"<p>120 Watt Tavan Armat\u00fcr\u00fc<\/p>\n<ul>\n<li>LED ADED\u0130 : 120<\/li>\n<li>GER\u0130L\u0130M : 220<\/li>\n<li>G\u00dc\u00c7 : 120Watt<\/li>\n<li>AKIM : 700 mA x2<\/li>\n<li>\u00c7ALI\u015eMA SICAKLI\u011eI : 20 ~ + 60\u00b0<\/li>\n<li>A\u011eIRLIK : 6.0 Kg<\/li>\n<li>BOYUT 600 x 220 x 120 mm<\/li>\n<li>KORUMA SINIFI : \u0130\u00e7 Mekan IP54<\/li>\n<li>A\u00c7I : 120\u00b0<\/li>\n<li>I\u015eIK RENG\u0130 : 3000\u00b0 &#8211; 6500\u00b0<\/li>\n<li>I\u015eIK AKISI : 15800 L\u00fcmen<\/li>\n<li>G\u00d6VDE : Eloksall\u0131 Ekst\u00fcrizyon Aluminyum<\/li>\n<li>CAM : Polikarbon Kapak<\/li>\n<li>KULLANIM \u00d6MR\u00dc : \u2265 50.000 saat<\/li>\n<\/ul>\n","protected":false},"excerpt":{"rendered":"<p>120 Watt Tavan Armat\u00fcr\u00fc LED ADED\u0130 : 120 GER\u0130L\u0130M : 220 G\u00dc\u00c7 : 120Watt AKIM : 700 mA x2 \u00c7ALI\u015eMA SICAKLI\u011eI : 20 ~ + 60\u00b0 A\u011eIRLIK : 6.0 Kg BOYUT 600 x 220 x 120 mm KORUMA SINIFI : \u0130\u00e7 Mekan IP54 A\u00c7I : 120\u00b0 I\u015eIK RENG\u0130 : 3000\u00b0 &#8211; 6500\u00b0 I\u015eIK AKISI : [&hellip;]<\/p>\n","protected":false},"featured_media":619,"comment_status":"open","ping_status":"closed","template":"","meta":[],"product_cat":[22],"product_tag":[],"_links":{"self":[{"href":"https:\/\/dolunayaydinlatma.com\/index.php\/wp-json\/wp\/v2\/product\/618"}],"collection":[{"href":"https:\/\/dolunayaydinlatma.com\/index.php\/wp-json\/wp\/v2\/product"}],"about":[{"href":"https:\/\/dolunayaydinlatma.com\/index.php\/wp-json\/wp\/v2\/types\/product"}],"replies":[{"embeddable":true,"href":"https:\/\/dolunayaydinlatma.com\/index.php\/wp-json\/wp\/v2\/comments?post=618"}],"wp:featuredmedia":[{"embeddable":true,"href":"https:\/\/dolunayaydinlatma.com\/index.php\/wp-json\/wp\/v2\/media\/619"}],"wp:attachment":[{"href":"https:\/\/dolunayaydinlatma.com\/index.php\/wp-json\/wp\/v2\/media?parent=618"}],"wp:term":[{"taxonomy":"product_cat","embeddable":true,"href":"https:\/\/dolunayaydinlatma.com\/index.php\/wp-json\/wp\/v2\/product_cat?post=618"},{"taxonomy":"product_tag","embeddable":true,"href":"https:\/\/dolunayaydinlatma.com\/index.php\/wp-json\/wp\/v2\/product_tag?post=618"}],"curies":[{"name":"wp","href":"https:\/\/api.w.org\/{rel}","templated":true}]}}