{"id":623,"date":"2024-04-23T15:46:50","date_gmt":"2024-04-23T12:46:50","guid":{"rendered":"https:\/\/dolunayaydinlatma.com\/?post_type=product&#038;p=623"},"modified":"2024-04-27T00:34:28","modified_gmt":"2024-04-26T21:34:28","slug":"dlf-260","status":"publish","type":"product","link":"https:\/\/dolunayaydinlatma.com\/index.php\/urun\/dlf-260\/","title":{"rendered":"DLF 240"},"content":{"rendered":"<p>&nbsp;<\/p>\n<ul>\n<li>LED ADED\u0130 : 240<\/li>\n<li>GER\u0130L\u0130M : 220<\/li>\n<li>G\u00dc\u00c7 : 240 Watt<\/li>\n<li>AKIM : 700 mA x4<\/li>\n<li>\u00c7ALI\u015eMA SICAKLI\u011eI : 20 ~ + 60\u00b0<\/li>\n<li>A\u011eIRLIK : 12.0 Kg<\/li>\n<li>BOYUT 1200 x 220 x 120 mm<\/li>\n<li>KORUMA SINIFI : \u0130\u00e7 Mekan IP54<\/li>\n<li>A\u00c7I : 120\u00b0<\/li>\n<li>I\u015eIK RENG\u0130 : 3000\u00b0 &#8211; 6500\u00b0<\/li>\n<li>I\u015eIK AKISI : 31,680 L\u00fcmen<\/li>\n<li>G\u00d6VDE : Eloksall\u0131 Ekst\u00fcrizyon Aluminyum<\/li>\n<li>CAM : Polikarbon Kapak<\/li>\n<li>KULLANIM \u00d6MR\u00dc : \u2265 50.000 saat<\/li>\n<\/ul>\n","protected":false},"excerpt":{"rendered":"<p>260 Watt Tavan Armat\u00fcr\u00fc<\/p>\n","protected":false},"featured_media":619,"comment_status":"open","ping_status":"closed","template":"","meta":[],"product_cat":[22],"product_tag":[],"_links":{"self":[{"href":"https:\/\/dolunayaydinlatma.com\/index.php\/wp-json\/wp\/v2\/product\/623"}],"collection":[{"href":"https:\/\/dolunayaydinlatma.com\/index.php\/wp-json\/wp\/v2\/product"}],"about":[{"href":"https:\/\/dolunayaydinlatma.com\/index.php\/wp-json\/wp\/v2\/types\/product"}],"replies":[{"embeddable":true,"href":"https:\/\/dolunayaydinlatma.com\/index.php\/wp-json\/wp\/v2\/comments?post=623"}],"wp:featuredmedia":[{"embeddable":true,"href":"https:\/\/dolunayaydinlatma.com\/index.php\/wp-json\/wp\/v2\/media\/619"}],"wp:attachment":[{"href":"https:\/\/dolunayaydinlatma.com\/index.php\/wp-json\/wp\/v2\/media?parent=623"}],"wp:term":[{"taxonomy":"product_cat","embeddable":true,"href":"https:\/\/dolunayaydinlatma.com\/index.php\/wp-json\/wp\/v2\/product_cat?post=623"},{"taxonomy":"product_tag","embeddable":true,"href":"https:\/\/dolunayaydinlatma.com\/index.php\/wp-json\/wp\/v2\/product_tag?post=623"}],"curies":[{"name":"wp","href":"https:\/\/api.w.org\/{rel}","templated":true}]}}